{"id":8913,"date":"2025-06-17T14:50:43","date_gmt":"2025-06-17T14:50:43","guid":{"rendered":"https:\/\/xpressindustrial.com\/?page_id=8913"},"modified":"2025-10-03T18:51:57","modified_gmt":"2025-10-03T18:51:57","slug":"inventario-de-administracion","status":"publish","type":"page","link":"https:\/\/xpressindustrial.com\/en\/inventario-de-administracion\/","title":{"rendered":"Inventario de Administracion"},"content":{"rendered":"<div data-elementor-type=\"wp-page\" data-elementor-id=\"8913\" class=\"elementor elementor-8913\" data-elementor-post-type=\"page\">\n\t\t\t\t<div class=\"elementor-element elementor-element-9fba0b4 e-flex e-con-boxed e-con e-parent\" data-id=\"9fba0b4\" data-element_type=\"container\" data-e-type=\"container\">\n\t\t\t\t\t<div class=\"e-con-inner\">\n\t\t\t\t<div class=\"elementor-element elementor-element-0671a1a elementor-widget elementor-widget-image\" data-id=\"0671a1a\" data-element_type=\"widget\" data-e-type=\"widget\" data-widget_type=\"image.default\">\n\t\t\t\t<div class=\"elementor-widget-container\">\n\t\t\t\t\t\t\t\t\t\t\t\t\t\t\t<img fetchpriority=\"high\" decoding=\"async\" width=\"800\" height=\"243\" src=\"https:\/\/xpressindustrial.com\/wp-content\/uploads\/2025\/10\/WhatsApp-Image-2025-10-03-at-11.09.55-AM-1024x311.jpeg\" class=\"attachment-large size-large wp-image-15505\" alt=\"\" srcset=\"https:\/\/xpressindustrial.com\/wp-content\/uploads\/2025\/10\/WhatsApp-Image-2025-10-03-at-11.09.55-AM-1024x311.jpeg 1024w, https:\/\/xpressindustrial.com\/wp-content\/uploads\/2025\/10\/WhatsApp-Image-2025-10-03-at-11.09.55-AM-300x91.jpeg 300w, https:\/\/xpressindustrial.com\/wp-content\/uploads\/2025\/10\/WhatsApp-Image-2025-10-03-at-11.09.55-AM-768x233.jpeg 768w, https:\/\/xpressindustrial.com\/wp-content\/uploads\/2025\/10\/WhatsApp-Image-2025-10-03-at-11.09.55-AM-18x5.jpeg 18w, https:\/\/xpressindustrial.com\/wp-content\/uploads\/2025\/10\/WhatsApp-Image-2025-10-03-at-11.09.55-AM-600x182.jpeg 600w, https:\/\/xpressindustrial.com\/wp-content\/uploads\/2025\/10\/WhatsApp-Image-2025-10-03-at-11.09.55-AM-64x19.jpeg 64w, https:\/\/xpressindustrial.com\/wp-content\/uploads\/2025\/10\/WhatsApp-Image-2025-10-03-at-11.09.55-AM.jpeg 1350w\" sizes=\"(max-width: 800px) 100vw, 800px\" \/>\t\t\t\t\t\t\t\t\t\t\t\t\t\t\t<\/div>\n\t\t\t\t<\/div>\n\t\t\t\t\t<\/div>\n\t\t\t\t<\/div>\n\t\t<div class=\"elementor-element elementor-element-b4cbafb e-flex e-con-boxed e-con e-parent\" data-id=\"b4cbafb\" data-element_type=\"container\" data-e-type=\"container\">\n\t\t\t\t\t<div class=\"e-con-inner\">\n\t\t\t\t<div class=\"elementor-element elementor-element-5da1e29 elementor-widget elementor-widget-heading\" data-id=\"5da1e29\" data-element_type=\"widget\" data-e-type=\"widget\" data-widget_type=\"heading.default\">\n\t\t\t\t<div class=\"elementor-widget-container\">\n\t\t\t\t\t<h2 class=\"elementor-heading-title elementor-size-default\">VMI (XI Managed Inventory)<\/h2>\t\t\t\t<\/div>\n\t\t\t\t<\/div>\n\t\t\t\t\t<\/div>\n\t\t\t\t<\/div>\n\t\t<div class=\"elementor-element elementor-element-77093c1 e-flex e-con-boxed e-con e-parent\" data-id=\"77093c1\" data-element_type=\"container\" data-e-type=\"container\">\n\t\t\t\t\t<div class=\"e-con-inner\">\n\t\t\t\t<div class=\"elementor-element elementor-element-20327eb elementor-widget elementor-widget-heading\" data-id=\"20327eb\" data-element_type=\"widget\" data-e-type=\"widget\" data-widget_type=\"heading.default\">\n\t\t\t\t<div class=\"elementor-widget-container\">\n\t\t\t\t\t<h3 class=\"elementor-heading-title elementor-size-default\">\n\nVMI (XI Managed Inventory)\n\nWe offer inventory management services for all types of products, always maintaining inventory at optimal levels, ensuring availability and savings.<\/h3>\t\t\t\t<\/div>\n\t\t\t\t<\/div>\n\t\t\t\t\t<\/div>\n\t\t\t\t<\/div>\n\t\t<div class=\"elementor-element elementor-element-a63278d e-flex e-con-boxed e-con e-parent\" data-id=\"a63278d\" data-element_type=\"container\" data-e-type=\"container\">\n\t\t\t\t\t<div class=\"e-con-inner\">\n\t\t\t\t<div class=\"elementor-element elementor-element-ddc5d0c elementor-widget-divider--view-line elementor-widget elementor-widget-divider\" data-id=\"ddc5d0c\" data-element_type=\"widget\" data-e-type=\"widget\" data-widget_type=\"divider.default\">\n\t\t\t\t<div class=\"elementor-widget-container\">\n\t\t\t\t\t\t\t<div class=\"elementor-divider\">\n\t\t\t<span class=\"elementor-divider-separator\">\n\t\t\t\t\t\t<\/span>\n\t\t<\/div>\n\t\t\t\t\t\t<\/div>\n\t\t\t\t<\/div>\n\t\t\t\t<div class=\"elementor-element elementor-element-6d1b370 elementor-widget elementor-widget-heading\" data-id=\"6d1b370\" data-element_type=\"widget\" data-e-type=\"widget\" data-widget_type=\"heading.default\">\n\t\t\t\t<div class=\"elementor-widget-container\">\n\t\t\t\t\t<h2 class=\"elementor-heading-title elementor-size-default\">Benefits<\/h2>\t\t\t\t<\/div>\n\t\t\t\t<\/div>\n\t\t\t\t<div class=\"elementor-element elementor-element-dbcc813 elementor-widget-divider--view-line elementor-widget elementor-widget-divider\" data-id=\"dbcc813\" data-element_type=\"widget\" data-e-type=\"widget\" data-widget_type=\"divider.default\">\n\t\t\t\t<div class=\"elementor-widget-container\">\n\t\t\t\t\t\t\t<div class=\"elementor-divider\">\n\t\t\t<span class=\"elementor-divider-separator\">\n\t\t\t\t\t\t<\/span>\n\t\t<\/div>\n\t\t\t\t\t\t<\/div>\n\t\t\t\t<\/div>\n\t\t\t\t\t<\/div>\n\t\t\t\t<\/div>\n\t\t<div class=\"elementor-element elementor-element-bcc34e7 e-flex e-con-boxed e-con e-parent\" data-id=\"bcc34e7\" data-element_type=\"container\" data-e-type=\"container\">\n\t\t\t\t\t<div class=\"e-con-inner\">\n\t\t<div class=\"elementor-element elementor-element-cd21992 e-con-full e-flex e-con e-child\" data-id=\"cd21992\" data-element_type=\"container\" data-e-type=\"container\">\n\t\t<div class=\"elementor-element elementor-element-cc9b5ae e-con-full e-flex e-con e-child\" data-id=\"cc9b5ae\" data-element_type=\"container\" data-e-type=\"container\">\n\t\t\t\t<div class=\"elementor-element elementor-element-5343a40 elementor-widget elementor-widget-heading\" data-id=\"5343a40\" data-element_type=\"widget\" data-e-type=\"widget\" data-widget_type=\"heading.default\">\n\t\t\t\t<div class=\"elementor-widget-container\">\n\t\t\t\t\t<h3 class=\"elementor-heading-title elementor-size-default\">Less cost and larger purchases<\/h3>\t\t\t\t<\/div>\n\t\t\t\t<\/div>\n\t\t\t\t<div class=\"elementor-element elementor-element-1043b9c elementor-widget elementor-widget-text-editor\" data-id=\"1043b9c\" data-element_type=\"widget\" data-e-type=\"widget\" data-widget_type=\"text-editor.default\">\n\t\t\t\t<div class=\"elementor-widget-container\">\n\t\t\t\t\t\t\t\t\t<p>Offers strong savings by volume<\/p>\t\t\t\t\t\t\t\t<\/div>\n\t\t\t\t<\/div>\n\t\t\t\t<\/div>\n\t\t\t\t<div class=\"elementor-element elementor-element-ea6fa29 elementor-widget elementor-widget-image\" data-id=\"ea6fa29\" data-element_type=\"widget\" data-e-type=\"widget\" data-widget_type=\"image.default\">\n\t\t\t\t<div class=\"elementor-widget-container\">\n\t\t\t\t\t\t\t\t\t\t\t\t\t\t\t<img decoding=\"async\" data-src=\"https:\/\/xpressindustrial.com\/wp-content\/uploads\/2025\/06\/Outsourcing3.jpg\" title=\"\" alt=\"\" src=\"data:image\/svg+xml;base64,PHN2ZyB3aWR0aD0iMSIgaGVpZ2h0PSIxIiB4bWxucz0iaHR0cDovL3d3dy53My5vcmcvMjAwMC9zdmciPjwvc3ZnPg==\" class=\"lazyload\" style=\"--smush-placeholder-width: 315px; --smush-placeholder-aspect-ratio: 315\/133;\" \/>\t\t\t\t\t\t\t\t\t\t\t\t\t\t\t<\/div>\n\t\t\t\t<\/div>\n\t\t\t\t<\/div>\n\t\t<div class=\"elementor-element elementor-element-d3c99d9 e-con-full e-flex e-con e-child\" data-id=\"d3c99d9\" data-element_type=\"container\" data-e-type=\"container\">\n\t\t<div class=\"elementor-element elementor-element-b685741 e-con-full e-flex e-con e-child\" data-id=\"b685741\" data-element_type=\"container\" data-e-type=\"container\">\n\t\t\t\t<div class=\"elementor-element elementor-element-89478f4 elementor-widget elementor-widget-heading\" data-id=\"89478f4\" data-element_type=\"widget\" data-e-type=\"widget\" data-widget_type=\"heading.default\">\n\t\t\t\t<div class=\"elementor-widget-container\">\n\t\t\t\t\t<h3 class=\"elementor-heading-title elementor-size-default\">Augment your productivity<\/h3>\t\t\t\t<\/div>\n\t\t\t\t<\/div>\n\t\t\t\t<div class=\"elementor-element elementor-element-d10c968 elementor-widget elementor-widget-text-editor\" data-id=\"d10c968\" data-element_type=\"widget\" data-e-type=\"widget\" data-widget_type=\"text-editor.default\">\n\t\t\t\t<div class=\"elementor-widget-container\">\n\t\t\t\t\t\t\t\t\t<p>Eliminates the risk of production stoppages due to supply problems<\/p>\t\t\t\t\t\t\t\t<\/div>\n\t\t\t\t<\/div>\n\t\t\t\t<\/div>\n\t\t\t\t<div class=\"elementor-element elementor-element-42aaaf1 elementor-widget elementor-widget-image\" data-id=\"42aaaf1\" data-element_type=\"widget\" data-e-type=\"widget\" data-widget_type=\"image.default\">\n\t\t\t\t<div class=\"elementor-widget-container\">\n\t\t\t\t\t\t\t\t\t\t\t\t\t\t\t<img decoding=\"async\" width=\"315\" height=\"133\" data-src=\"https:\/\/xpressindustrial.com\/wp-content\/uploads\/2025\/10\/TiendaXpress8.jpeg\" class=\"attachment-large size-large wp-image-15451 lazyload\" alt=\"\" data-srcset=\"https:\/\/xpressindustrial.com\/wp-content\/uploads\/2025\/10\/TiendaXpress8.jpeg 315w, https:\/\/xpressindustrial.com\/wp-content\/uploads\/2025\/10\/TiendaXpress8-300x127.jpeg 300w, https:\/\/xpressindustrial.com\/wp-content\/uploads\/2025\/10\/TiendaXpress8-18x8.jpeg 18w, https:\/\/xpressindustrial.com\/wp-content\/uploads\/2025\/10\/TiendaXpress8-64x27.jpeg 64w\" data-sizes=\"(max-width: 315px) 100vw, 315px\" src=\"data:image\/svg+xml;base64,PHN2ZyB3aWR0aD0iMSIgaGVpZ2h0PSIxIiB4bWxucz0iaHR0cDovL3d3dy53My5vcmcvMjAwMC9zdmciPjwvc3ZnPg==\" style=\"--smush-placeholder-width: 315px; --smush-placeholder-aspect-ratio: 315\/133;\" \/>\t\t\t\t\t\t\t\t\t\t\t\t\t\t\t<\/div>\n\t\t\t\t<\/div>\n\t\t\t\t<\/div>\n\t\t<div class=\"elementor-element elementor-element-f7d731b e-con-full e-flex e-con e-child\" data-id=\"f7d731b\" data-element_type=\"container\" data-e-type=\"container\">\n\t\t<div class=\"elementor-element elementor-element-307a612 e-con-full e-flex e-con e-child\" data-id=\"307a612\" data-element_type=\"container\" data-e-type=\"container\">\n\t\t\t\t<div class=\"elementor-element elementor-element-d29e0ac elementor-widget elementor-widget-heading\" data-id=\"d29e0ac\" data-element_type=\"widget\" data-e-type=\"widget\" data-widget_type=\"heading.default\">\n\t\t\t\t<div class=\"elementor-widget-container\">\n\t\t\t\t\t<h3 class=\"elementor-heading-title elementor-size-default\">Available products<\/h3>\t\t\t\t<\/div>\n\t\t\t\t<\/div>\n\t\t\t\t<div class=\"elementor-element elementor-element-f3a0369 elementor-widget elementor-widget-text-editor\" data-id=\"f3a0369\" data-element_type=\"widget\" data-e-type=\"widget\" data-widget_type=\"text-editor.default\">\n\t\t\t\t<div class=\"elementor-widget-container\">\n\t\t\t\t\t\t\t\t\t<p>Decrease in emergencies<\/p>\t\t\t\t\t\t\t\t<\/div>\n\t\t\t\t<\/div>\n\t\t\t\t<\/div>\n\t\t\t\t<div class=\"elementor-element elementor-element-a78e82f elementor-widget elementor-widget-image\" data-id=\"a78e82f\" data-element_type=\"widget\" data-e-type=\"widget\" data-widget_type=\"image.default\">\n\t\t\t\t<div class=\"elementor-widget-container\">\n\t\t\t\t\t\t\t\t\t\t\t\t\t\t\t<img decoding=\"async\" width=\"315\" height=\"133\" data-src=\"https:\/\/xpressindustrial.com\/wp-content\/uploads\/2025\/10\/TiendaXpress17.jpeg\" class=\"attachment-large size-large wp-image-15477 lazyload\" alt=\"\" data-srcset=\"https:\/\/xpressindustrial.com\/wp-content\/uploads\/2025\/10\/TiendaXpress17.jpeg 315w, https:\/\/xpressindustrial.com\/wp-content\/uploads\/2025\/10\/TiendaXpress17-300x127.jpeg 300w, https:\/\/xpressindustrial.com\/wp-content\/uploads\/2025\/10\/TiendaXpress17-18x8.jpeg 18w, https:\/\/xpressindustrial.com\/wp-content\/uploads\/2025\/10\/TiendaXpress17-64x27.jpeg 64w\" data-sizes=\"(max-width: 315px) 100vw, 315px\" src=\"data:image\/svg+xml;base64,PHN2ZyB3aWR0aD0iMSIgaGVpZ2h0PSIxIiB4bWxucz0iaHR0cDovL3d3dy53My5vcmcvMjAwMC9zdmciPjwvc3ZnPg==\" style=\"--smush-placeholder-width: 315px; --smush-placeholder-aspect-ratio: 315\/133;\" \/>\t\t\t\t\t\t\t\t\t\t\t\t\t\t\t<\/div>\n\t\t\t\t<\/div>\n\t\t\t\t<\/div>\n\t\t<div class=\"elementor-element elementor-element-a1cb447 e-con-full e-flex e-con e-child\" data-id=\"a1cb447\" data-element_type=\"container\" data-e-type=\"container\">\n\t\t<div class=\"elementor-element elementor-element-3f1df00 e-con-full e-flex e-con e-child\" data-id=\"3f1df00\" data-element_type=\"container\" data-e-type=\"container\">\n\t\t\t\t<div class=\"elementor-element elementor-element-575cea7 elementor-widget elementor-widget-heading\" data-id=\"575cea7\" data-element_type=\"widget\" data-e-type=\"widget\" data-widget_type=\"heading.default\">\n\t\t\t\t<div class=\"elementor-widget-container\">\n\t\t\t\t\t<h3 class=\"elementor-heading-title elementor-size-default\">Consumer reporting<\/h3>\t\t\t\t<\/div>\n\t\t\t\t<\/div>\n\t\t\t\t<div class=\"elementor-element elementor-element-ec12bb0 elementor-widget elementor-widget-text-editor\" data-id=\"ec12bb0\" data-element_type=\"widget\" data-e-type=\"widget\" data-widget_type=\"text-editor.default\">\n\t\t\t\t<div class=\"elementor-widget-container\">\n\t\t\t\t\t\t\t\t\t<p>You are only billed for what you consume<\/p>\t\t\t\t\t\t\t\t<\/div>\n\t\t\t\t<\/div>\n\t\t\t\t<\/div>\n\t\t\t\t<div class=\"elementor-element elementor-element-26193cf elementor-widget elementor-widget-image\" data-id=\"26193cf\" data-element_type=\"widget\" data-e-type=\"widget\" data-widget_type=\"image.default\">\n\t\t\t\t<div class=\"elementor-widget-container\">\n\t\t\t\t\t\t\t\t\t\t\t\t\t\t\t<img decoding=\"async\" width=\"472\" height=\"133\" data-src=\"https:\/\/xpressindustrial.com\/wp-content\/uploads\/2025\/10\/TiendaXpress14.jpeg\" class=\"attachment-large size-large wp-image-15445 lazyload\" alt=\"\" data-srcset=\"https:\/\/xpressindustrial.com\/wp-content\/uploads\/2025\/10\/TiendaXpress14.jpeg 472w, https:\/\/xpressindustrial.com\/wp-content\/uploads\/2025\/10\/TiendaXpress14-300x85.jpeg 300w, https:\/\/xpressindustrial.com\/wp-content\/uploads\/2025\/10\/TiendaXpress14-18x5.jpeg 18w, https:\/\/xpressindustrial.com\/wp-content\/uploads\/2025\/10\/TiendaXpress14-64x18.jpeg 64w\" data-sizes=\"(max-width: 472px) 100vw, 472px\" src=\"data:image\/svg+xml;base64,PHN2ZyB3aWR0aD0iMSIgaGVpZ2h0PSIxIiB4bWxucz0iaHR0cDovL3d3dy53My5vcmcvMjAwMC9zdmciPjwvc3ZnPg==\" style=\"--smush-placeholder-width: 472px; --smush-placeholder-aspect-ratio: 472\/133;\" \/>\t\t\t\t\t\t\t\t\t\t\t\t\t\t\t<\/div>\n\t\t\t\t<\/div>\n\t\t\t\t<\/div>\n\t\t\t\t\t<\/div>\n\t\t\t\t<\/div>\n\t\t\t\t<\/div>","protected":false},"excerpt":{"rendered":"<p>VMI (Inventario Administrado por XI) VMI (Inventario Administrado por XI) Ofrecemos el servicio de administraci\u00f3n de inventarios de todo tipo de productos, manteniendo siempre los inventarios en los niveles \u00f3ptimos garantiz\u00e1ndoles la disponibilidad de ellos y ahorro en su consumo. Beneficios Menor costo a mayor compra Ofrece fuertes ahorros por volumen Aumenta tu productividad Elimina [&hellip;]<\/p>\n","protected":false},"author":4,"featured_media":0,"parent":0,"menu_order":0,"comment_status":"closed","ping_status":"closed","template":"elementor_header_footer","meta":{"footnotes":""},"folder":[],"class_list":["post-8913","page","type-page","status-publish","hentry"],"yoast_head":"<!-- This site is optimized with the Yoast SEO plugin v27.3 - https:\/\/yoast.com\/product\/yoast-seo-wordpress\/ -->\n<title>Inventario de Administracion - Xpress Industrial<\/title>\n<meta name=\"robots\" content=\"index, follow, max-snippet:-1, max-image-preview:large, max-video-preview:-1\" \/>\n<link rel=\"canonical\" href=\"https:\/\/xpressindustrial.com\/en\/inventario-de-administracion\/\" \/>\n<meta property=\"og:locale\" content=\"en_US\" \/>\n<meta property=\"og:type\" content=\"article\" \/>\n<meta property=\"og:title\" content=\"Inventario de Administracion - Xpress Industrial\" \/>\n<meta property=\"og:description\" content=\"VMI (Inventario Administrado por XI) VMI (Inventario Administrado por XI) Ofrecemos el servicio de administraci\u00f3n de inventarios de todo tipo de productos, manteniendo siempre los inventarios en los niveles \u00f3ptimos garantiz\u00e1ndoles la disponibilidad de ellos y ahorro en su consumo. Beneficios Menor costo a mayor compra Ofrece fuertes ahorros por volumen Aumenta tu productividad Elimina [&hellip;]\" \/>\n<meta property=\"og:url\" content=\"https:\/\/xpressindustrial.com\/en\/inventario-de-administracion\/\" \/>\n<meta property=\"og:site_name\" content=\"Xpress Industrial\" \/>\n<meta property=\"article:modified_time\" content=\"2025-10-03T18:51:57+00:00\" \/>\n<meta property=\"og:image\" content=\"https:\/\/xpressindustrial.com\/wp-content\/uploads\/2025\/10\/WhatsApp-Image-2025-10-03-at-11.09.55-AM-1024x311.jpeg\" \/>\n<meta name=\"twitter:card\" content=\"summary_large_image\" \/>\n<meta name=\"twitter:label1\" content=\"Est. reading time\" \/>\n\t<meta name=\"twitter:data1\" content=\"2 minutes\" \/>\n<script type=\"application\/ld+json\" class=\"yoast-schema-graph\">{\"@context\":\"https:\\\/\\\/schema.org\",\"@graph\":[{\"@type\":\"WebPage\",\"@id\":\"https:\\\/\\\/xpressindustrial.com\\\/inventario-de-administracion\\\/\",\"url\":\"https:\\\/\\\/xpressindustrial.com\\\/inventario-de-administracion\\\/\",\"name\":\"Inventario de Administracion - Xpress Industrial\",\"isPartOf\":{\"@id\":\"https:\\\/\\\/xpressindustrial.com\\\/#website\"},\"primaryImageOfPage\":{\"@id\":\"https:\\\/\\\/xpressindustrial.com\\\/inventario-de-administracion\\\/#primaryimage\"},\"image\":{\"@id\":\"https:\\\/\\\/xpressindustrial.com\\\/inventario-de-administracion\\\/#primaryimage\"},\"thumbnailUrl\":\"https:\\\/\\\/xpressindustrial.com\\\/wp-content\\\/uploads\\\/2025\\\/10\\\/WhatsApp-Image-2025-10-03-at-11.09.55-AM-1024x311.jpeg\",\"datePublished\":\"2025-06-17T14:50:43+00:00\",\"dateModified\":\"2025-10-03T18:51:57+00:00\",\"breadcrumb\":{\"@id\":\"https:\\\/\\\/xpressindustrial.com\\\/inventario-de-administracion\\\/#breadcrumb\"},\"inLanguage\":\"en-US\",\"potentialAction\":[{\"@type\":\"ReadAction\",\"target\":[\"https:\\\/\\\/xpressindustrial.com\\\/inventario-de-administracion\\\/\"]}]},{\"@type\":\"ImageObject\",\"inLanguage\":\"en-US\",\"@id\":\"https:\\\/\\\/xpressindustrial.com\\\/inventario-de-administracion\\\/#primaryimage\",\"url\":\"https:\\\/\\\/xpressindustrial.com\\\/wp-content\\\/uploads\\\/2025\\\/10\\\/WhatsApp-Image-2025-10-03-at-11.09.55-AM-1024x311.jpeg\",\"contentUrl\":\"https:\\\/\\\/xpressindustrial.com\\\/wp-content\\\/uploads\\\/2025\\\/10\\\/WhatsApp-Image-2025-10-03-at-11.09.55-AM-1024x311.jpeg\"},{\"@type\":\"BreadcrumbList\",\"@id\":\"https:\\\/\\\/xpressindustrial.com\\\/inventario-de-administracion\\\/#breadcrumb\",\"itemListElement\":[{\"@type\":\"ListItem\",\"position\":1,\"name\":\"Home\",\"item\":\"https:\\\/\\\/xpressindustrial.com\\\/\"},{\"@type\":\"ListItem\",\"position\":2,\"name\":\"Inventario de Administracion\"}]},{\"@type\":\"WebSite\",\"@id\":\"https:\\\/\\\/xpressindustrial.com\\\/#website\",\"url\":\"https:\\\/\\\/xpressindustrial.com\\\/\",\"name\":\"Xpress Industrial\",\"description\":\"Sitio de Xpress Industrial\",\"potentialAction\":[{\"@type\":\"SearchAction\",\"target\":{\"@type\":\"EntryPoint\",\"urlTemplate\":\"https:\\\/\\\/xpressindustrial.com\\\/?s={search_term_string}\"},\"query-input\":{\"@type\":\"PropertyValueSpecification\",\"valueRequired\":true,\"valueName\":\"search_term_string\"}}],\"inLanguage\":\"en-US\"}]}<\/script>\n<!-- \/ Yoast SEO plugin. -->","yoast_head_json":{"title":"Inventario de Administracion - Xpress Industrial","robots":{"index":"index","follow":"follow","max-snippet":"max-snippet:-1","max-image-preview":"max-image-preview:large","max-video-preview":"max-video-preview:-1"},"canonical":"https:\/\/xpressindustrial.com\/en\/inventario-de-administracion\/","og_locale":"en_US","og_type":"article","og_title":"Inventario de Administracion - Xpress Industrial","og_description":"VMI (Inventario Administrado por XI) VMI (Inventario Administrado por XI) Ofrecemos el servicio de administraci\u00f3n de inventarios de todo tipo de productos, manteniendo siempre los inventarios en los niveles \u00f3ptimos garantiz\u00e1ndoles la disponibilidad de ellos y ahorro en su consumo. Beneficios Menor costo a mayor compra Ofrece fuertes ahorros por volumen Aumenta tu productividad Elimina [&hellip;]","og_url":"https:\/\/xpressindustrial.com\/en\/inventario-de-administracion\/","og_site_name":"Xpress Industrial","article_modified_time":"2025-10-03T18:51:57+00:00","og_image":[{"url":"https:\/\/xpressindustrial.com\/wp-content\/uploads\/2025\/10\/WhatsApp-Image-2025-10-03-at-11.09.55-AM-1024x311.jpeg","type":"","width":"","height":""}],"twitter_card":"summary_large_image","twitter_misc":{"Est. reading time":"2 minutes"},"schema":{"@context":"https:\/\/schema.org","@graph":[{"@type":"WebPage","@id":"https:\/\/xpressindustrial.com\/inventario-de-administracion\/","url":"https:\/\/xpressindustrial.com\/inventario-de-administracion\/","name":"Inventario de Administracion - Xpress Industrial","isPartOf":{"@id":"https:\/\/xpressindustrial.com\/#website"},"primaryImageOfPage":{"@id":"https:\/\/xpressindustrial.com\/inventario-de-administracion\/#primaryimage"},"image":{"@id":"https:\/\/xpressindustrial.com\/inventario-de-administracion\/#primaryimage"},"thumbnailUrl":"https:\/\/xpressindustrial.com\/wp-content\/uploads\/2025\/10\/WhatsApp-Image-2025-10-03-at-11.09.55-AM-1024x311.jpeg","datePublished":"2025-06-17T14:50:43+00:00","dateModified":"2025-10-03T18:51:57+00:00","breadcrumb":{"@id":"https:\/\/xpressindustrial.com\/inventario-de-administracion\/#breadcrumb"},"inLanguage":"en-US","potentialAction":[{"@type":"ReadAction","target":["https:\/\/xpressindustrial.com\/inventario-de-administracion\/"]}]},{"@type":"ImageObject","inLanguage":"en-US","@id":"https:\/\/xpressindustrial.com\/inventario-de-administracion\/#primaryimage","url":"https:\/\/xpressindustrial.com\/wp-content\/uploads\/2025\/10\/WhatsApp-Image-2025-10-03-at-11.09.55-AM-1024x311.jpeg","contentUrl":"https:\/\/xpressindustrial.com\/wp-content\/uploads\/2025\/10\/WhatsApp-Image-2025-10-03-at-11.09.55-AM-1024x311.jpeg"},{"@type":"BreadcrumbList","@id":"https:\/\/xpressindustrial.com\/inventario-de-administracion\/#breadcrumb","itemListElement":[{"@type":"ListItem","position":1,"name":"Home","item":"https:\/\/xpressindustrial.com\/"},{"@type":"ListItem","position":2,"name":"Inventario de Administracion"}]},{"@type":"WebSite","@id":"https:\/\/xpressindustrial.com\/#website","url":"https:\/\/xpressindustrial.com\/","name":"Xpress Industrial","description":"Sitio de Xpress Industrial","potentialAction":[{"@type":"SearchAction","target":{"@type":"EntryPoint","urlTemplate":"https:\/\/xpressindustrial.com\/?s={search_term_string}"},"query-input":{"@type":"PropertyValueSpecification","valueRequired":true,"valueName":"search_term_string"}}],"inLanguage":"en-US"}]}},"_links":{"self":[{"href":"https:\/\/xpressindustrial.com\/en\/wp-json\/wp\/v2\/pages\/8913","targetHints":{"allow":["GET"]}}],"collection":[{"href":"https:\/\/xpressindustrial.com\/en\/wp-json\/wp\/v2\/pages"}],"about":[{"href":"https:\/\/xpressindustrial.com\/en\/wp-json\/wp\/v2\/types\/page"}],"author":[{"embeddable":true,"href":"https:\/\/xpressindustrial.com\/en\/wp-json\/wp\/v2\/users\/4"}],"replies":[{"embeddable":true,"href":"https:\/\/xpressindustrial.com\/en\/wp-json\/wp\/v2\/comments?post=8913"}],"version-history":[{"count":37,"href":"https:\/\/xpressindustrial.com\/en\/wp-json\/wp\/v2\/pages\/8913\/revisions"}],"predecessor-version":[{"id":15514,"href":"https:\/\/xpressindustrial.com\/en\/wp-json\/wp\/v2\/pages\/8913\/revisions\/15514"}],"wp:attachment":[{"href":"https:\/\/xpressindustrial.com\/en\/wp-json\/wp\/v2\/media?parent=8913"}],"wp:term":[{"taxonomy":"folder","embeddable":true,"href":"https:\/\/xpressindustrial.com\/en\/wp-json\/wp\/v2\/folder?post=8913"}],"curies":[{"name":"wp","href":"https:\/\/api.w.org\/{rel}","templated":true}]}}