{"id":8935,"date":"2025-06-17T13:03:32","date_gmt":"2025-06-17T13:03:32","guid":{"rendered":"https:\/\/xpressindustrial.com\/?page_id=8935"},"modified":"2025-10-03T18:50:57","modified_gmt":"2025-10-03T18:50:57","slug":"outsourcing-de-administracion","status":"publish","type":"page","link":"https:\/\/xpressindustrial.com\/en\/outsourcing-de-administracion\/","title":{"rendered":"Management Outsourcing"},"content":{"rendered":"<div data-elementor-type=\"wp-page\" data-elementor-id=\"8935\" class=\"elementor elementor-8935\" data-elementor-post-type=\"page\">\n\t\t\t\t<div class=\"elementor-element elementor-element-99477bc e-flex e-con-boxed e-con e-parent\" data-id=\"99477bc\" data-element_type=\"container\" data-e-type=\"container\">\n\t\t\t\t\t<div class=\"e-con-inner\">\n\t\t\t\t<div class=\"elementor-element elementor-element-8e0f22d elementor-widget elementor-widget-image\" data-id=\"8e0f22d\" data-element_type=\"widget\" data-e-type=\"widget\" data-widget_type=\"image.default\">\n\t\t\t\t<div class=\"elementor-widget-container\">\n\t\t\t\t\t\t\t\t\t\t\t\t\t\t\t<img fetchpriority=\"high\" decoding=\"async\" width=\"800\" height=\"243\" src=\"https:\/\/xpressindustrial.com\/wp-content\/uploads\/2025\/10\/TiendaXpress15-1024x311.jpeg\" class=\"attachment-large size-large wp-image-15444\" alt=\"\" srcset=\"https:\/\/xpressindustrial.com\/wp-content\/uploads\/2025\/10\/TiendaXpress15-1024x311.jpeg 1024w, https:\/\/xpressindustrial.com\/wp-content\/uploads\/2025\/10\/TiendaXpress15-300x91.jpeg 300w, https:\/\/xpressindustrial.com\/wp-content\/uploads\/2025\/10\/TiendaXpress15-768x233.jpeg 768w, https:\/\/xpressindustrial.com\/wp-content\/uploads\/2025\/10\/TiendaXpress15-18x5.jpeg 18w, https:\/\/xpressindustrial.com\/wp-content\/uploads\/2025\/10\/TiendaXpress15-600x182.jpeg 600w, https:\/\/xpressindustrial.com\/wp-content\/uploads\/2025\/10\/TiendaXpress15-64x19.jpeg 64w, https:\/\/xpressindustrial.com\/wp-content\/uploads\/2025\/10\/TiendaXpress15.jpeg 1350w\" sizes=\"(max-width: 800px) 100vw, 800px\" \/>\t\t\t\t\t\t\t\t\t\t\t\t\t\t\t<\/div>\n\t\t\t\t<\/div>\n\t\t\t\t\t<\/div>\n\t\t\t\t<\/div>\n\t\t<div class=\"elementor-element elementor-element-1e125a7 e-flex e-con-boxed e-con e-parent\" data-id=\"1e125a7\" data-element_type=\"container\" data-e-type=\"container\">\n\t\t\t\t\t<div class=\"e-con-inner\">\n\t\t\t\t<div class=\"elementor-element elementor-element-1760494 elementor-widget elementor-widget-spacer\" data-id=\"1760494\" data-element_type=\"widget\" data-e-type=\"widget\" data-widget_type=\"spacer.default\">\n\t\t\t\t<div class=\"elementor-widget-container\">\n\t\t\t\t\t\t\t<div class=\"elementor-spacer\">\n\t\t\t<div class=\"elementor-spacer-inner\"><\/div>\n\t\t<\/div>\n\t\t\t\t\t\t<\/div>\n\t\t\t\t<\/div>\n\t\t\t\t\t<\/div>\n\t\t\t\t<\/div>\n\t\t<div class=\"elementor-element elementor-element-316cb50 e-flex e-con-boxed e-con e-parent\" data-id=\"316cb50\" data-element_type=\"container\" data-e-type=\"container\">\n\t\t\t\t\t<div class=\"e-con-inner\">\n\t\t\t\t<div class=\"elementor-element elementor-element-4c3a960 elementor-widget elementor-widget-heading\" data-id=\"4c3a960\" data-element_type=\"widget\" data-e-type=\"widget\" data-widget_type=\"heading.default\">\n\t\t\t\t<div class=\"elementor-widget-container\">\n\t\t\t\t\t<h2 class=\"elementor-heading-title elementor-size-default\">Outsourcing the management of your spare parts warehouse<\/h2>\t\t\t\t<\/div>\n\t\t\t\t<\/div>\n\t\t\t\t\t<\/div>\n\t\t\t\t<\/div>\n\t\t<div class=\"elementor-element elementor-element-d16340d e-flex e-con-boxed e-con e-parent\" data-id=\"d16340d\" data-element_type=\"container\" data-e-type=\"container\">\n\t\t\t\t\t<div class=\"e-con-inner\">\n\t\t\t\t<div class=\"elementor-element elementor-element-47f3298 elementor-widget elementor-widget-text-editor\" data-id=\"47f3298\" data-element_type=\"widget\" data-e-type=\"widget\" data-widget_type=\"text-editor.default\">\n\t\t\t\t<div class=\"elementor-widget-container\">\n\t\t\t\t\t\t\t\t\t<p>We manage inventories and serve users by providing the industrial supplies required by any of their departments for the continuity of their functions, always maintaining inventories at optimal levels and offering personalized service.<\/p>\t\t\t\t\t\t\t\t<\/div>\n\t\t\t\t<\/div>\n\t\t\t\t\t<\/div>\n\t\t\t\t<\/div>\n\t\t<div class=\"elementor-element elementor-element-22824e7 e-flex e-con-boxed e-con e-parent\" data-id=\"22824e7\" data-element_type=\"container\" data-e-type=\"container\">\n\t\t\t\t\t<div class=\"e-con-inner\">\n\t\t\t\t<div class=\"elementor-element elementor-element-9bf29b8 elementor-widget-divider--view-line elementor-widget elementor-widget-divider\" data-id=\"9bf29b8\" data-element_type=\"widget\" data-e-type=\"widget\" data-widget_type=\"divider.default\">\n\t\t\t\t<div class=\"elementor-widget-container\">\n\t\t\t\t\t\t\t<div class=\"elementor-divider\">\n\t\t\t<span class=\"elementor-divider-separator\">\n\t\t\t\t\t\t<\/span>\n\t\t<\/div>\n\t\t\t\t\t\t<\/div>\n\t\t\t\t<\/div>\n\t\t\t\t<div class=\"elementor-element elementor-element-9cd7e63 elementor-widget elementor-widget-heading\" data-id=\"9cd7e63\" data-element_type=\"widget\" data-e-type=\"widget\" data-widget_type=\"heading.default\">\n\t\t\t\t<div class=\"elementor-widget-container\">\n\t\t\t\t\t<h2 class=\"elementor-heading-title elementor-size-default\">Benefits<\/h2>\t\t\t\t<\/div>\n\t\t\t\t<\/div>\n\t\t\t\t<div class=\"elementor-element elementor-element-2574c89 elementor-widget-divider--view-line elementor-widget elementor-widget-divider\" data-id=\"2574c89\" data-element_type=\"widget\" data-e-type=\"widget\" data-widget_type=\"divider.default\">\n\t\t\t\t<div class=\"elementor-widget-container\">\n\t\t\t\t\t\t\t<div class=\"elementor-divider\">\n\t\t\t<span class=\"elementor-divider-separator\">\n\t\t\t\t\t\t<\/span>\n\t\t<\/div>\n\t\t\t\t\t\t<\/div>\n\t\t\t\t<\/div>\n\t\t\t\t\t<\/div>\n\t\t\t\t<\/div>\n\t\t<div class=\"elementor-element elementor-element-c3d2170 e-flex e-con-boxed e-con e-parent\" data-id=\"c3d2170\" data-element_type=\"container\" data-e-type=\"container\">\n\t\t\t\t\t<div class=\"e-con-inner\">\n\t\t<div class=\"elementor-element elementor-element-128b61c e-con-full e-flex e-con e-child\" data-id=\"128b61c\" data-element_type=\"container\" data-e-type=\"container\">\n\t\t<div class=\"elementor-element elementor-element-69e01e3 e-con-full e-flex e-con e-child\" data-id=\"69e01e3\" data-element_type=\"container\" data-e-type=\"container\">\n\t\t\t\t<div class=\"elementor-element elementor-element-6d550e8 elementor-widget elementor-widget-heading\" data-id=\"6d550e8\" data-element_type=\"widget\" data-e-type=\"widget\" data-widget_type=\"heading.default\">\n\t\t\t\t<div class=\"elementor-widget-container\">\n\t\t\t\t\t<h3 class=\"elementor-heading-title elementor-size-default\">Keep total control of your warehouse<\/h3>\t\t\t\t<\/div>\n\t\t\t\t<\/div>\n\t\t\t\t<div class=\"elementor-element elementor-element-56e4704 elementor-widget elementor-widget-text-editor\" data-id=\"56e4704\" data-element_type=\"widget\" data-e-type=\"widget\" data-widget_type=\"text-editor.default\">\n\t\t\t\t<div class=\"elementor-widget-container\">\n\t\t\t\t\t\t\t\t\t<p>Multiple controls and reporting by cost centers<\/p>\t\t\t\t\t\t\t\t<\/div>\n\t\t\t\t<\/div>\n\t\t\t\t<\/div>\n\t\t\t\t<div class=\"elementor-element elementor-element-b770d51 elementor-widget elementor-widget-image\" data-id=\"b770d51\" data-element_type=\"widget\" data-e-type=\"widget\" data-widget_type=\"image.default\">\n\t\t\t\t<div class=\"elementor-widget-container\">\n\t\t\t\t\t\t\t\t\t\t\t\t\t\t\t<img decoding=\"async\" width=\"315\" height=\"133\" data-src=\"https:\/\/xpressindustrial.com\/wp-content\/uploads\/2025\/10\/TiendaXpress11.jpeg\" class=\"attachment-large size-large wp-image-15448 lazyload\" alt=\"\" data-srcset=\"https:\/\/xpressindustrial.com\/wp-content\/uploads\/2025\/10\/TiendaXpress11.jpeg 315w, https:\/\/xpressindustrial.com\/wp-content\/uploads\/2025\/10\/TiendaXpress11-300x127.jpeg 300w, https:\/\/xpressindustrial.com\/wp-content\/uploads\/2025\/10\/TiendaXpress11-18x8.jpeg 18w, https:\/\/xpressindustrial.com\/wp-content\/uploads\/2025\/10\/TiendaXpress11-64x27.jpeg 64w\" data-sizes=\"(max-width: 315px) 100vw, 315px\" src=\"data:image\/svg+xml;base64,PHN2ZyB3aWR0aD0iMSIgaGVpZ2h0PSIxIiB4bWxucz0iaHR0cDovL3d3dy53My5vcmcvMjAwMC9zdmciPjwvc3ZnPg==\" style=\"--smush-placeholder-width: 315px; --smush-placeholder-aspect-ratio: 315\/133;\" \/>\t\t\t\t\t\t\t\t\t\t\t\t\t\t\t<\/div>\n\t\t\t\t<\/div>\n\t\t\t\t<\/div>\n\t\t<div class=\"elementor-element elementor-element-483a0f9 e-con-full e-flex e-con e-child\" data-id=\"483a0f9\" data-element_type=\"container\" data-e-type=\"container\">\n\t\t<div class=\"elementor-element elementor-element-1e1e1e1 e-con-full e-flex e-con e-child\" data-id=\"1e1e1e1\" data-element_type=\"container\" data-e-type=\"container\">\n\t\t\t\t<div class=\"elementor-element elementor-element-716b25b elementor-widget elementor-widget-heading\" data-id=\"716b25b\" data-element_type=\"widget\" data-e-type=\"widget\" data-widget_type=\"heading.default\">\n\t\t\t\t<div class=\"elementor-widget-container\">\n\t\t\t\t\t<h3 class=\"elementor-heading-title elementor-size-default\">Augment your productivity<\/h3>\t\t\t\t<\/div>\n\t\t\t\t<\/div>\n\t\t\t\t<div class=\"elementor-element elementor-element-71a49e2 elementor-widget elementor-widget-text-editor\" data-id=\"71a49e2\" data-element_type=\"widget\" data-e-type=\"widget\" data-widget_type=\"text-editor.default\">\n\t\t\t\t<div class=\"elementor-widget-container\">\n\t\t\t\t\t\t\t\t\t<p>Eliminate the risk of production stoppage<\/p>\t\t\t\t\t\t\t\t<\/div>\n\t\t\t\t<\/div>\n\t\t\t\t<\/div>\n\t\t\t\t<div class=\"elementor-element elementor-element-5cc5669 elementor-widget elementor-widget-image\" data-id=\"5cc5669\" data-element_type=\"widget\" data-e-type=\"widget\" data-widget_type=\"image.default\">\n\t\t\t\t<div class=\"elementor-widget-container\">\n\t\t\t\t\t\t\t\t\t\t\t\t\t\t\t<img decoding=\"async\" width=\"315\" height=\"133\" data-src=\"https:\/\/xpressindustrial.com\/wp-content\/uploads\/2025\/10\/TiendaXpress8.jpeg\" class=\"attachment-large size-large wp-image-15451 lazyload\" alt=\"\" data-srcset=\"https:\/\/xpressindustrial.com\/wp-content\/uploads\/2025\/10\/TiendaXpress8.jpeg 315w, https:\/\/xpressindustrial.com\/wp-content\/uploads\/2025\/10\/TiendaXpress8-300x127.jpeg 300w, https:\/\/xpressindustrial.com\/wp-content\/uploads\/2025\/10\/TiendaXpress8-18x8.jpeg 18w, https:\/\/xpressindustrial.com\/wp-content\/uploads\/2025\/10\/TiendaXpress8-64x27.jpeg 64w\" data-sizes=\"(max-width: 315px) 100vw, 315px\" src=\"data:image\/svg+xml;base64,PHN2ZyB3aWR0aD0iMSIgaGVpZ2h0PSIxIiB4bWxucz0iaHR0cDovL3d3dy53My5vcmcvMjAwMC9zdmciPjwvc3ZnPg==\" style=\"--smush-placeholder-width: 315px; --smush-placeholder-aspect-ratio: 315\/133;\" \/>\t\t\t\t\t\t\t\t\t\t\t\t\t\t\t<\/div>\n\t\t\t\t<\/div>\n\t\t\t\t<\/div>\n\t\t<div class=\"elementor-element elementor-element-c78ab6c e-con-full e-flex e-con e-child\" data-id=\"c78ab6c\" data-element_type=\"container\" data-e-type=\"container\">\n\t\t<div class=\"elementor-element elementor-element-e357105 e-con-full e-flex e-con e-child\" data-id=\"e357105\" data-element_type=\"container\" data-e-type=\"container\">\n\t\t\t\t<div class=\"elementor-element elementor-element-29a16aa elementor-widget elementor-widget-heading\" data-id=\"29a16aa\" data-element_type=\"widget\" data-e-type=\"widget\" data-widget_type=\"heading.default\">\n\t\t\t\t<div class=\"elementor-widget-container\">\n\t\t\t\t\t<h3 class=\"elementor-heading-title elementor-size-default\">Cost reduction<\/h3>\t\t\t\t<\/div>\n\t\t\t\t<\/div>\n\t\t\t\t<div class=\"elementor-element elementor-element-bde329d elementor-widget elementor-widget-text-editor\" data-id=\"bde329d\" data-element_type=\"widget\" data-e-type=\"widget\" data-widget_type=\"text-editor.default\">\n\t\t\t\t<div class=\"elementor-widget-container\">\n\t\t\t\t\t\t\t\t\t<p>You are only billed for what you consume.<\/p>\t\t\t\t\t\t\t\t<\/div>\n\t\t\t\t<\/div>\n\t\t\t\t<\/div>\n\t\t\t\t<div class=\"elementor-element elementor-element-c429d02 elementor-widget elementor-widget-image\" data-id=\"c429d02\" data-element_type=\"widget\" data-e-type=\"widget\" data-widget_type=\"image.default\">\n\t\t\t\t<div class=\"elementor-widget-container\">\n\t\t\t\t\t\t\t\t\t\t\t\t\t\t\t<img decoding=\"async\" data-src=\"https:\/\/xpressindustrial.com\/wp-content\/uploads\/2025\/06\/Outsourcing3.jpg\" title=\"\" alt=\"\" src=\"data:image\/svg+xml;base64,PHN2ZyB3aWR0aD0iMSIgaGVpZ2h0PSIxIiB4bWxucz0iaHR0cDovL3d3dy53My5vcmcvMjAwMC9zdmciPjwvc3ZnPg==\" class=\"lazyload\" style=\"--smush-placeholder-width: 315px; --smush-placeholder-aspect-ratio: 315\/133;\" \/>\t\t\t\t\t\t\t\t\t\t\t\t\t\t\t<\/div>\n\t\t\t\t<\/div>\n\t\t\t\t<\/div>\n\t\t\t\t\t<\/div>\n\t\t\t\t<\/div>\n\t\t<div class=\"elementor-element elementor-element-563acf5 e-flex e-con-boxed e-con e-parent\" data-id=\"563acf5\" data-element_type=\"container\" data-e-type=\"container\">\n\t\t\t\t\t<div class=\"e-con-inner\">\n\t\t<div class=\"elementor-element elementor-element-f999334 e-con-full e-flex e-con e-child\" data-id=\"f999334\" data-element_type=\"container\" data-e-type=\"container\">\n\t\t\t\t<div class=\"elementor-element elementor-element-46de0ad elementor-widget elementor-widget-heading\" data-id=\"46de0ad\" data-element_type=\"widget\" data-e-type=\"widget\" data-widget_type=\"heading.default\">\n\t\t\t\t<div class=\"elementor-widget-container\">\n\t\t\t\t\t<h3 class=\"elementor-heading-title elementor-size-default\">Reduction of processes<\/h3>\t\t\t\t<\/div>\n\t\t\t\t<\/div>\n\t\t\t\t<div class=\"elementor-element elementor-element-b55d3a4 elementor-widget elementor-widget-text-editor\" data-id=\"b55d3a4\" data-element_type=\"widget\" data-e-type=\"widget\" data-widget_type=\"text-editor.default\">\n\t\t\t\t<div class=\"elementor-widget-container\">\n\t\t\t\t\t\t\t\t\t<p>Reduction of finance workload in imports<\/p>\t\t\t\t\t\t\t\t<\/div>\n\t\t\t\t<\/div>\n\t\t\t\t<div class=\"elementor-element elementor-element-0dab89d elementor-widget elementor-widget-image\" data-id=\"0dab89d\" data-element_type=\"widget\" data-e-type=\"widget\" data-widget_type=\"image.default\">\n\t\t\t\t<div class=\"elementor-widget-container\">\n\t\t\t\t\t\t\t\t\t\t\t\t\t\t\t<img decoding=\"async\" width=\"315\" height=\"133\" data-src=\"https:\/\/xpressindustrial.com\/wp-content\/uploads\/2025\/10\/TiendaXpress10.jpeg\" class=\"attachment-large size-large wp-image-15449 lazyload\" alt=\"\" data-srcset=\"https:\/\/xpressindustrial.com\/wp-content\/uploads\/2025\/10\/TiendaXpress10.jpeg 315w, https:\/\/xpressindustrial.com\/wp-content\/uploads\/2025\/10\/TiendaXpress10-300x127.jpeg 300w, https:\/\/xpressindustrial.com\/wp-content\/uploads\/2025\/10\/TiendaXpress10-18x8.jpeg 18w, https:\/\/xpressindustrial.com\/wp-content\/uploads\/2025\/10\/TiendaXpress10-64x27.jpeg 64w\" data-sizes=\"(max-width: 315px) 100vw, 315px\" src=\"data:image\/svg+xml;base64,PHN2ZyB3aWR0aD0iMSIgaGVpZ2h0PSIxIiB4bWxucz0iaHR0cDovL3d3dy53My5vcmcvMjAwMC9zdmciPjwvc3ZnPg==\" style=\"--smush-placeholder-width: 315px; --smush-placeholder-aspect-ratio: 315\/133;\" \/>\t\t\t\t\t\t\t\t\t\t\t\t\t\t\t<\/div>\n\t\t\t\t<\/div>\n\t\t\t\t<\/div>\n\t\t<div class=\"elementor-element elementor-element-8c6993c e-con-full e-flex e-con e-child\" data-id=\"8c6993c\" data-element_type=\"container\" data-e-type=\"container\">\n\t\t\t\t<div class=\"elementor-element elementor-element-a41c9d1 elementor-widget elementor-widget-heading\" data-id=\"a41c9d1\" data-element_type=\"widget\" data-e-type=\"widget\" data-widget_type=\"heading.default\">\n\t\t\t\t<div class=\"elementor-widget-container\">\n\t\t\t\t\t<h3 class=\"elementor-heading-title elementor-size-default\">Total register of entries and exits<\/h3>\t\t\t\t<\/div>\n\t\t\t\t<\/div>\n\t\t\t\t<div class=\"elementor-element elementor-element-6f5286e elementor-widget elementor-widget-text-editor\" data-id=\"6f5286e\" data-element_type=\"widget\" data-e-type=\"widget\" data-widget_type=\"text-editor.default\">\n\t\t\t\t<div class=\"elementor-widget-container\">\n\t\t\t\t\t\t\t\t\t<p>Provides complete control of inventory and consumption<\/p>\t\t\t\t\t\t\t\t<\/div>\n\t\t\t\t<\/div>\n\t\t\t\t<div class=\"elementor-element elementor-element-a0efb71 elementor-widget elementor-widget-image\" data-id=\"a0efb71\" data-element_type=\"widget\" data-e-type=\"widget\" data-widget_type=\"image.default\">\n\t\t\t\t<div class=\"elementor-widget-container\">\n\t\t\t\t\t\t\t\t\t\t\t\t\t\t\t<img decoding=\"async\" width=\"315\" height=\"133\" data-src=\"https:\/\/xpressindustrial.com\/wp-content\/uploads\/2025\/10\/TiendaXpress7.jpeg\" class=\"attachment-large size-large wp-image-15452 lazyload\" alt=\"\" data-srcset=\"https:\/\/xpressindustrial.com\/wp-content\/uploads\/2025\/10\/TiendaXpress7.jpeg 315w, https:\/\/xpressindustrial.com\/wp-content\/uploads\/2025\/10\/TiendaXpress7-300x127.jpeg 300w, https:\/\/xpressindustrial.com\/wp-content\/uploads\/2025\/10\/TiendaXpress7-18x8.jpeg 18w, https:\/\/xpressindustrial.com\/wp-content\/uploads\/2025\/10\/TiendaXpress7-64x27.jpeg 64w\" data-sizes=\"(max-width: 315px) 100vw, 315px\" src=\"data:image\/svg+xml;base64,PHN2ZyB3aWR0aD0iMSIgaGVpZ2h0PSIxIiB4bWxucz0iaHR0cDovL3d3dy53My5vcmcvMjAwMC9zdmciPjwvc3ZnPg==\" style=\"--smush-placeholder-width: 315px; --smush-placeholder-aspect-ratio: 315\/133;\" \/>\t\t\t\t\t\t\t\t\t\t\t\t\t\t\t<\/div>\n\t\t\t\t<\/div>\n\t\t\t\t<\/div>\n\t\t\t\t\t<\/div>\n\t\t\t\t<\/div>\n\t\t\t\t<\/div>","protected":false},"excerpt":{"rendered":"<p>Outsourcing de administraci\u00f3n de su almac\u00e9n de refacciones Administramos los inventarios y atendemos al usuario proporcionando los suministros industriales que requiere cualquiera de sus departamentos para la continuidad de sus funciones, manteniendo siempre los inventarios en los niveles \u00f3ptimos y con un servicio personalizado. Beneficios Mant\u00e9n el control total de tu almac\u00e9n M\u00faltiples controles y [&hellip;]<\/p>\n","protected":false},"author":4,"featured_media":0,"parent":0,"menu_order":0,"comment_status":"closed","ping_status":"closed","template":"elementor_header_footer","meta":{"footnotes":""},"folder":[],"class_list":["post-8935","page","type-page","status-publish","hentry"],"yoast_head":"<!-- This site is optimized with the Yoast SEO plugin v27.3 - https:\/\/yoast.com\/product\/yoast-seo-wordpress\/ -->\n<title>Outsourcing de Administracion - Xpress Industrial<\/title>\n<meta name=\"robots\" content=\"index, follow, max-snippet:-1, max-image-preview:large, max-video-preview:-1\" \/>\n<link rel=\"canonical\" href=\"https:\/\/xpressindustrial.com\/en\/outsourcing-de-administracion\/\" \/>\n<meta property=\"og:locale\" content=\"en_US\" \/>\n<meta property=\"og:type\" content=\"article\" \/>\n<meta property=\"og:title\" content=\"Outsourcing de Administracion - Xpress Industrial\" \/>\n<meta property=\"og:description\" content=\"Outsourcing de administraci\u00f3n de su almac\u00e9n de refacciones Administramos los inventarios y atendemos al usuario proporcionando los suministros industriales que requiere cualquiera de sus departamentos para la continuidad de sus funciones, manteniendo siempre los inventarios en los niveles \u00f3ptimos y con un servicio personalizado. Beneficios Mant\u00e9n el control total de tu almac\u00e9n M\u00faltiples controles y [&hellip;]\" \/>\n<meta property=\"og:url\" content=\"https:\/\/xpressindustrial.com\/en\/outsourcing-de-administracion\/\" \/>\n<meta property=\"og:site_name\" content=\"Xpress Industrial\" \/>\n<meta property=\"article:modified_time\" content=\"2025-10-03T18:50:57+00:00\" \/>\n<meta property=\"og:image\" content=\"https:\/\/xpressindustrial.com\/wp-content\/uploads\/2025\/10\/TiendaXpress15-1024x311.jpeg\" \/>\n<meta name=\"twitter:card\" content=\"summary_large_image\" \/>\n<meta name=\"twitter:label1\" content=\"Est. reading time\" \/>\n\t<meta name=\"twitter:data1\" content=\"2 minutes\" \/>\n<script type=\"application\/ld+json\" class=\"yoast-schema-graph\">{\"@context\":\"https:\\\/\\\/schema.org\",\"@graph\":[{\"@type\":\"WebPage\",\"@id\":\"https:\\\/\\\/xpressindustrial.com\\\/outsourcing-de-administracion\\\/\",\"url\":\"https:\\\/\\\/xpressindustrial.com\\\/outsourcing-de-administracion\\\/\",\"name\":\"Outsourcing de Administracion - Xpress Industrial\",\"isPartOf\":{\"@id\":\"https:\\\/\\\/xpressindustrial.com\\\/#website\"},\"primaryImageOfPage\":{\"@id\":\"https:\\\/\\\/xpressindustrial.com\\\/outsourcing-de-administracion\\\/#primaryimage\"},\"image\":{\"@id\":\"https:\\\/\\\/xpressindustrial.com\\\/outsourcing-de-administracion\\\/#primaryimage\"},\"thumbnailUrl\":\"https:\\\/\\\/xpressindustrial.com\\\/wp-content\\\/uploads\\\/2025\\\/10\\\/TiendaXpress15-1024x311.jpeg\",\"datePublished\":\"2025-06-17T13:03:32+00:00\",\"dateModified\":\"2025-10-03T18:50:57+00:00\",\"breadcrumb\":{\"@id\":\"https:\\\/\\\/xpressindustrial.com\\\/outsourcing-de-administracion\\\/#breadcrumb\"},\"inLanguage\":\"en-US\",\"potentialAction\":[{\"@type\":\"ReadAction\",\"target\":[\"https:\\\/\\\/xpressindustrial.com\\\/outsourcing-de-administracion\\\/\"]}]},{\"@type\":\"ImageObject\",\"inLanguage\":\"en-US\",\"@id\":\"https:\\\/\\\/xpressindustrial.com\\\/outsourcing-de-administracion\\\/#primaryimage\",\"url\":\"https:\\\/\\\/xpressindustrial.com\\\/wp-content\\\/uploads\\\/2025\\\/10\\\/TiendaXpress15-1024x311.jpeg\",\"contentUrl\":\"https:\\\/\\\/xpressindustrial.com\\\/wp-content\\\/uploads\\\/2025\\\/10\\\/TiendaXpress15-1024x311.jpeg\"},{\"@type\":\"BreadcrumbList\",\"@id\":\"https:\\\/\\\/xpressindustrial.com\\\/outsourcing-de-administracion\\\/#breadcrumb\",\"itemListElement\":[{\"@type\":\"ListItem\",\"position\":1,\"name\":\"Home\",\"item\":\"https:\\\/\\\/xpressindustrial.com\\\/\"},{\"@type\":\"ListItem\",\"position\":2,\"name\":\"Outsourcing de Administracion\"}]},{\"@type\":\"WebSite\",\"@id\":\"https:\\\/\\\/xpressindustrial.com\\\/#website\",\"url\":\"https:\\\/\\\/xpressindustrial.com\\\/\",\"name\":\"Xpress Industrial\",\"description\":\"Sitio de Xpress Industrial\",\"potentialAction\":[{\"@type\":\"SearchAction\",\"target\":{\"@type\":\"EntryPoint\",\"urlTemplate\":\"https:\\\/\\\/xpressindustrial.com\\\/?s={search_term_string}\"},\"query-input\":{\"@type\":\"PropertyValueSpecification\",\"valueRequired\":true,\"valueName\":\"search_term_string\"}}],\"inLanguage\":\"en-US\"}]}<\/script>\n<!-- \/ Yoast SEO plugin. -->","yoast_head_json":{"title":"Outsourcing de Administracion - Xpress Industrial","robots":{"index":"index","follow":"follow","max-snippet":"max-snippet:-1","max-image-preview":"max-image-preview:large","max-video-preview":"max-video-preview:-1"},"canonical":"https:\/\/xpressindustrial.com\/en\/outsourcing-de-administracion\/","og_locale":"en_US","og_type":"article","og_title":"Outsourcing de Administracion - Xpress Industrial","og_description":"Outsourcing de administraci\u00f3n de su almac\u00e9n de refacciones Administramos los inventarios y atendemos al usuario proporcionando los suministros industriales que requiere cualquiera de sus departamentos para la continuidad de sus funciones, manteniendo siempre los inventarios en los niveles \u00f3ptimos y con un servicio personalizado. Beneficios Mant\u00e9n el control total de tu almac\u00e9n M\u00faltiples controles y [&hellip;]","og_url":"https:\/\/xpressindustrial.com\/en\/outsourcing-de-administracion\/","og_site_name":"Xpress Industrial","article_modified_time":"2025-10-03T18:50:57+00:00","og_image":[{"url":"https:\/\/xpressindustrial.com\/wp-content\/uploads\/2025\/10\/TiendaXpress15-1024x311.jpeg","type":"","width":"","height":""}],"twitter_card":"summary_large_image","twitter_misc":{"Est. reading time":"2 minutes"},"schema":{"@context":"https:\/\/schema.org","@graph":[{"@type":"WebPage","@id":"https:\/\/xpressindustrial.com\/outsourcing-de-administracion\/","url":"https:\/\/xpressindustrial.com\/outsourcing-de-administracion\/","name":"Outsourcing de Administracion - Xpress Industrial","isPartOf":{"@id":"https:\/\/xpressindustrial.com\/#website"},"primaryImageOfPage":{"@id":"https:\/\/xpressindustrial.com\/outsourcing-de-administracion\/#primaryimage"},"image":{"@id":"https:\/\/xpressindustrial.com\/outsourcing-de-administracion\/#primaryimage"},"thumbnailUrl":"https:\/\/xpressindustrial.com\/wp-content\/uploads\/2025\/10\/TiendaXpress15-1024x311.jpeg","datePublished":"2025-06-17T13:03:32+00:00","dateModified":"2025-10-03T18:50:57+00:00","breadcrumb":{"@id":"https:\/\/xpressindustrial.com\/outsourcing-de-administracion\/#breadcrumb"},"inLanguage":"en-US","potentialAction":[{"@type":"ReadAction","target":["https:\/\/xpressindustrial.com\/outsourcing-de-administracion\/"]}]},{"@type":"ImageObject","inLanguage":"en-US","@id":"https:\/\/xpressindustrial.com\/outsourcing-de-administracion\/#primaryimage","url":"https:\/\/xpressindustrial.com\/wp-content\/uploads\/2025\/10\/TiendaXpress15-1024x311.jpeg","contentUrl":"https:\/\/xpressindustrial.com\/wp-content\/uploads\/2025\/10\/TiendaXpress15-1024x311.jpeg"},{"@type":"BreadcrumbList","@id":"https:\/\/xpressindustrial.com\/outsourcing-de-administracion\/#breadcrumb","itemListElement":[{"@type":"ListItem","position":1,"name":"Home","item":"https:\/\/xpressindustrial.com\/"},{"@type":"ListItem","position":2,"name":"Outsourcing de Administracion"}]},{"@type":"WebSite","@id":"https:\/\/xpressindustrial.com\/#website","url":"https:\/\/xpressindustrial.com\/","name":"Xpress Industrial","description":"Sitio de Xpress Industrial","potentialAction":[{"@type":"SearchAction","target":{"@type":"EntryPoint","urlTemplate":"https:\/\/xpressindustrial.com\/?s={search_term_string}"},"query-input":{"@type":"PropertyValueSpecification","valueRequired":true,"valueName":"search_term_string"}}],"inLanguage":"en-US"}]}},"_links":{"self":[{"href":"https:\/\/xpressindustrial.com\/en\/wp-json\/wp\/v2\/pages\/8935","targetHints":{"allow":["GET"]}}],"collection":[{"href":"https:\/\/xpressindustrial.com\/en\/wp-json\/wp\/v2\/pages"}],"about":[{"href":"https:\/\/xpressindustrial.com\/en\/wp-json\/wp\/v2\/types\/page"}],"author":[{"embeddable":true,"href":"https:\/\/xpressindustrial.com\/en\/wp-json\/wp\/v2\/users\/4"}],"replies":[{"embeddable":true,"href":"https:\/\/xpressindustrial.com\/en\/wp-json\/wp\/v2\/comments?post=8935"}],"version-history":[{"count":40,"href":"https:\/\/xpressindustrial.com\/en\/wp-json\/wp\/v2\/pages\/8935\/revisions"}],"predecessor-version":[{"id":15511,"href":"https:\/\/xpressindustrial.com\/en\/wp-json\/wp\/v2\/pages\/8935\/revisions\/15511"}],"wp:attachment":[{"href":"https:\/\/xpressindustrial.com\/en\/wp-json\/wp\/v2\/media?parent=8935"}],"wp:term":[{"taxonomy":"folder","embeddable":true,"href":"https:\/\/xpressindustrial.com\/en\/wp-json\/wp\/v2\/folder?post=8935"}],"curies":[{"name":"wp","href":"https:\/\/api.w.org\/{rel}","templated":true}]}}