{"id":8958,"date":"2025-06-17T14:34:17","date_gmt":"2025-06-17T14:34:17","guid":{"rendered":"https:\/\/xpressindustrial.com\/?page_id=8958"},"modified":"2025-10-03T20:24:18","modified_gmt":"2025-10-03T20:24:18","slug":"equipos-automatizados","status":"publish","type":"page","link":"https:\/\/xpressindustrial.com\/en\/equipos-automatizados\/","title":{"rendered":"Automated Teams"},"content":{"rendered":"<div data-elementor-type=\"wp-page\" data-elementor-id=\"8958\" class=\"elementor elementor-8958\" data-elementor-post-type=\"page\">\n\t\t\t\t<div class=\"elementor-element elementor-element-6dbbe59 e-flex e-con-boxed e-con e-parent\" data-id=\"6dbbe59\" data-element_type=\"container\" data-e-type=\"container\">\n\t\t\t\t\t<div class=\"e-con-inner\">\n\t\t\t\t<div class=\"elementor-element elementor-element-322a38d elementor-widget elementor-widget-image\" data-id=\"322a38d\" data-element_type=\"widget\" data-e-type=\"widget\" data-widget_type=\"image.default\">\n\t\t\t\t<div class=\"elementor-widget-container\">\n\t\t\t\t\t\t\t\t\t\t\t\t\t\t\t<img fetchpriority=\"high\" decoding=\"async\" width=\"800\" height=\"225\" src=\"https:\/\/xpressindustrial.com\/wp-content\/uploads\/2025\/10\/TiendaXpress4-1024x288.jpeg\" class=\"attachment-large size-large wp-image-15454\" alt=\"\" srcset=\"https:\/\/xpressindustrial.com\/wp-content\/uploads\/2025\/10\/TiendaXpress4-1024x288.jpeg 1024w, https:\/\/xpressindustrial.com\/wp-content\/uploads\/2025\/10\/TiendaXpress4-300x84.jpeg 300w, https:\/\/xpressindustrial.com\/wp-content\/uploads\/2025\/10\/TiendaXpress4-768x216.jpeg 768w, https:\/\/xpressindustrial.com\/wp-content\/uploads\/2025\/10\/TiendaXpress4-18x5.jpeg 18w, https:\/\/xpressindustrial.com\/wp-content\/uploads\/2025\/10\/TiendaXpress4-600x169.jpeg 600w, https:\/\/xpressindustrial.com\/wp-content\/uploads\/2025\/10\/TiendaXpress4-64x18.jpeg 64w, https:\/\/xpressindustrial.com\/wp-content\/uploads\/2025\/10\/TiendaXpress4.jpeg 1338w\" sizes=\"(max-width: 800px) 100vw, 800px\" \/>\t\t\t\t\t\t\t\t\t\t\t\t\t\t\t<\/div>\n\t\t\t\t<\/div>\n\t\t\t\t<div class=\"elementor-element elementor-element-5d6fb17 elementor-widget elementor-widget-heading\" data-id=\"5d6fb17\" data-element_type=\"widget\" data-e-type=\"widget\" data-widget_type=\"heading.default\">\n\t\t\t\t<div class=\"elementor-widget-container\">\n\t\t\t\t\t<h2 class=\"elementor-heading-title elementor-size-default\">Automated Teams<\/h2>\t\t\t\t<\/div>\n\t\t\t\t<\/div>\n\t\t\t\t\t<\/div>\n\t\t\t\t<\/div>\n\t\t<div class=\"elementor-element elementor-element-22d5d17 e-flex e-con-boxed e-con e-parent\" data-id=\"22d5d17\" data-element_type=\"container\" data-e-type=\"container\">\n\t\t\t\t\t<div class=\"e-con-inner\">\n\t\t\t\t<div class=\"elementor-element elementor-element-9ea6a43 elementor-widget elementor-widget-text-editor\" data-id=\"9ea6a43\" data-element_type=\"widget\" data-e-type=\"widget\" data-widget_type=\"text-editor.default\">\n\t\t\t\t<div class=\"elementor-widget-container\">\n\t\t\t\t\t\t\t\t\t<h3>We offer controlled product distribution in warehouses through vending machines and automated material doors, accessed by password, employee ID, or fingerprint, which provide multiple inventory controls and reports.<\/h3>\t\t\t\t\t\t\t\t<\/div>\n\t\t\t\t<\/div>\n\t\t\t\t\t<\/div>\n\t\t\t\t<\/div>\n\t\t<div class=\"elementor-element elementor-element-8ac77d8 e-flex e-con-boxed e-con e-parent\" data-id=\"8ac77d8\" data-element_type=\"container\" data-e-type=\"container\">\n\t\t\t\t\t<div class=\"e-con-inner\">\n\t\t\t\t<div class=\"elementor-element elementor-element-723ea90 elementor-widget elementor-widget-text-editor\" data-id=\"723ea90\" data-element_type=\"widget\" data-e-type=\"widget\" data-widget_type=\"text-editor.default\">\n\t\t\t\t<div class=\"elementor-widget-container\">\n\t\t\t\t\t\t\t\t\t<h3>Our vending machines are first generation.<\/h3>\t\t\t\t\t\t\t\t<\/div>\n\t\t\t\t<\/div>\n\t\t\t\t\t<\/div>\n\t\t\t\t<\/div>\n\t\t<div class=\"elementor-element elementor-element-c482ba1 e-flex e-con-boxed e-con e-parent\" data-id=\"c482ba1\" data-element_type=\"container\" data-e-type=\"container\">\n\t\t\t\t\t<div class=\"e-con-inner\">\n\t\t\t\t<div class=\"elementor-element elementor-element-ee01e5c elementor-widget elementor-widget-heading\" data-id=\"ee01e5c\" data-element_type=\"widget\" data-e-type=\"widget\" data-widget_type=\"heading.default\">\n\t\t\t\t<div class=\"elementor-widget-container\">\n\t\t\t\t\t<h2 class=\"elementor-heading-title elementor-size-default\">Benefits<\/h2>\t\t\t\t<\/div>\n\t\t\t\t<\/div>\n\t\t\t\t\t<\/div>\n\t\t\t\t<\/div>\n\t\t<div class=\"elementor-element elementor-element-6eb5499 e-flex e-con-boxed e-con e-parent\" data-id=\"6eb5499\" data-element_type=\"container\" data-e-type=\"container\">\n\t\t\t\t\t<div class=\"e-con-inner\">\n\t\t<div class=\"elementor-element elementor-element-0192624 e-con-full e-flex e-con e-child\" data-id=\"0192624\" data-element_type=\"container\" data-e-type=\"container\">\n\t\t\t\t<div class=\"elementor-element elementor-element-badaa16 elementor-widget elementor-widget-heading\" data-id=\"badaa16\" data-element_type=\"widget\" data-e-type=\"widget\" data-widget_type=\"heading.default\">\n\t\t\t\t<div class=\"elementor-widget-container\">\n\t\t\t\t\t<h3 class=\"elementor-heading-title elementor-size-default\">Total control of products access<\/h3>\t\t\t\t<\/div>\n\t\t\t\t<\/div>\n\t\t<div class=\"elementor-element elementor-element-e838fe7 e-con-full e-flex e-con e-child\" data-id=\"e838fe7\" data-element_type=\"container\" data-e-type=\"container\">\n\t\t\t\t<div class=\"elementor-element elementor-element-2eb0611 elementor-widget elementor-widget-heading\" data-id=\"2eb0611\" data-element_type=\"widget\" data-e-type=\"widget\" data-widget_type=\"heading.default\">\n\t\t\t\t<div class=\"elementor-widget-container\">\n\t\t\t\t\t<h3 class=\"elementor-heading-title elementor-size-default\">Access by code, employee credential or fingerprint<\/h3>\t\t\t\t<\/div>\n\t\t\t\t<\/div>\n\t\t\t\t<\/div>\n\t\t<div class=\"elementor-element elementor-element-e35c2c8 e-con-full e-flex e-con e-child\" data-id=\"e35c2c8\" data-element_type=\"container\" data-e-type=\"container\">\n\t\t\t\t<div class=\"elementor-element elementor-element-b72630a elementor-widget elementor-widget-image\" data-id=\"b72630a\" data-element_type=\"widget\" data-e-type=\"widget\" data-widget_type=\"image.default\">\n\t\t\t\t<div class=\"elementor-widget-container\">\n\t\t\t\t\t\t\t\t\t\t\t\t\t\t\t<img decoding=\"async\" width=\"315\" height=\"133\" data-src=\"https:\/\/xpressindustrial.com\/wp-content\/uploads\/2025\/10\/WhatsApp-Image-2025-10-03-at-11.56.01-AM.jpeg\" class=\"attachment-large size-large wp-image-15516 lazyload\" alt=\"\" data-srcset=\"https:\/\/xpressindustrial.com\/wp-content\/uploads\/2025\/10\/WhatsApp-Image-2025-10-03-at-11.56.01-AM.jpeg 315w, https:\/\/xpressindustrial.com\/wp-content\/uploads\/2025\/10\/WhatsApp-Image-2025-10-03-at-11.56.01-AM-300x127.jpeg 300w, https:\/\/xpressindustrial.com\/wp-content\/uploads\/2025\/10\/WhatsApp-Image-2025-10-03-at-11.56.01-AM-18x8.jpeg 18w, https:\/\/xpressindustrial.com\/wp-content\/uploads\/2025\/10\/WhatsApp-Image-2025-10-03-at-11.56.01-AM-64x27.jpeg 64w\" data-sizes=\"(max-width: 315px) 100vw, 315px\" src=\"data:image\/svg+xml;base64,PHN2ZyB3aWR0aD0iMSIgaGVpZ2h0PSIxIiB4bWxucz0iaHR0cDovL3d3dy53My5vcmcvMjAwMC9zdmciPjwvc3ZnPg==\" style=\"--smush-placeholder-width: 315px; --smush-placeholder-aspect-ratio: 315\/133;\" \/>\t\t\t\t\t\t\t\t\t\t\t\t\t\t\t<\/div>\n\t\t\t\t<\/div>\n\t\t\t\t<\/div>\n\t\t\t\t<\/div>\n\t\t<div class=\"elementor-element elementor-element-cadf955 e-con-full e-flex e-con e-child\" data-id=\"cadf955\" data-element_type=\"container\" data-e-type=\"container\">\n\t\t\t\t<div class=\"elementor-element elementor-element-9da343e elementor-widget elementor-widget-heading\" data-id=\"9da343e\" data-element_type=\"widget\" data-e-type=\"widget\" data-widget_type=\"heading.default\">\n\t\t\t\t<div class=\"elementor-widget-container\">\n\t\t\t\t\t<h3 class=\"elementor-heading-title elementor-size-default\">Controlled product handling<\/h3>\t\t\t\t<\/div>\n\t\t\t\t<\/div>\n\t\t<div class=\"elementor-element elementor-element-f992cfd e-con-full e-flex e-con e-child\" data-id=\"f992cfd\" data-element_type=\"container\" data-e-type=\"container\">\n\t\t\t\t<div class=\"elementor-element elementor-element-87441f8 elementor-widget elementor-widget-heading\" data-id=\"87441f8\" data-element_type=\"widget\" data-e-type=\"widget\" data-widget_type=\"heading.default\">\n\t\t\t\t<div class=\"elementor-widget-container\">\n\t\t\t\t\t<h3 class=\"elementor-heading-title elementor-size-default\">Inventory control by RFID tags<\/h3>\t\t\t\t<\/div>\n\t\t\t\t<\/div>\n\t\t\t\t<\/div>\n\t\t<div class=\"elementor-element elementor-element-11d68af e-con-full e-flex e-con e-child\" data-id=\"11d68af\" data-element_type=\"container\" data-e-type=\"container\">\n\t\t\t\t<div class=\"elementor-element elementor-element-5fccf12 elementor-widget-mobile__width-inherit elementor-widget elementor-widget-image\" data-id=\"5fccf12\" data-element_type=\"widget\" data-e-type=\"widget\" data-widget_type=\"image.default\">\n\t\t\t\t<div class=\"elementor-widget-container\">\n\t\t\t\t\t\t\t\t\t\t\t\t\t\t\t<img decoding=\"async\" width=\"315\" height=\"133\" data-src=\"https:\/\/xpressindustrial.com\/wp-content\/uploads\/2025\/10\/WhatsApp-Image-2025-10-03-at-11.56.01-AM-1.jpeg\" class=\"attachment-large size-large wp-image-15518 lazyload\" alt=\"\" data-srcset=\"https:\/\/xpressindustrial.com\/wp-content\/uploads\/2025\/10\/WhatsApp-Image-2025-10-03-at-11.56.01-AM-1.jpeg 315w, https:\/\/xpressindustrial.com\/wp-content\/uploads\/2025\/10\/WhatsApp-Image-2025-10-03-at-11.56.01-AM-1-300x127.jpeg 300w, https:\/\/xpressindustrial.com\/wp-content\/uploads\/2025\/10\/WhatsApp-Image-2025-10-03-at-11.56.01-AM-1-18x8.jpeg 18w, https:\/\/xpressindustrial.com\/wp-content\/uploads\/2025\/10\/WhatsApp-Image-2025-10-03-at-11.56.01-AM-1-64x27.jpeg 64w\" data-sizes=\"(max-width: 315px) 100vw, 315px\" src=\"data:image\/svg+xml;base64,PHN2ZyB3aWR0aD0iMSIgaGVpZ2h0PSIxIiB4bWxucz0iaHR0cDovL3d3dy53My5vcmcvMjAwMC9zdmciPjwvc3ZnPg==\" style=\"--smush-placeholder-width: 315px; --smush-placeholder-aspect-ratio: 315\/133;\" \/>\t\t\t\t\t\t\t\t\t\t\t\t\t\t\t<\/div>\n\t\t\t\t<\/div>\n\t\t\t\t<\/div>\n\t\t\t\t<\/div>\n\t\t<div class=\"elementor-element elementor-element-a182b20 e-con-full e-flex e-con e-child\" data-id=\"a182b20\" data-element_type=\"container\" data-e-type=\"container\">\n\t\t\t\t<div class=\"elementor-element elementor-element-ea099ac elementor-widget elementor-widget-heading\" data-id=\"ea099ac\" data-element_type=\"widget\" data-e-type=\"widget\" data-widget_type=\"heading.default\">\n\t\t\t\t<div class=\"elementor-widget-container\">\n\t\t\t\t\t<h3 class=\"elementor-heading-title elementor-size-default\">Keep total control of your warehouse<\/h3>\t\t\t\t<\/div>\n\t\t\t\t<\/div>\n\t\t<div class=\"elementor-element elementor-element-cd75083 e-con-full e-flex e-con e-child\" data-id=\"cd75083\" data-element_type=\"container\" data-e-type=\"container\">\n\t\t\t\t<div class=\"elementor-element elementor-element-64fd335 elementor-widget elementor-widget-heading\" data-id=\"64fd335\" data-element_type=\"widget\" data-e-type=\"widget\" data-widget_type=\"heading.default\">\n\t\t\t\t<div class=\"elementor-widget-container\">\n\t\t\t\t\t<h3 class=\"elementor-heading-title elementor-size-default\">Multiple inventory controls and reports by families and cost centers<\/h3>\t\t\t\t<\/div>\n\t\t\t\t<\/div>\n\t\t\t\t<\/div>\n\t\t<div class=\"elementor-element elementor-element-dd58d62 e-con-full e-flex e-con e-child\" data-id=\"dd58d62\" data-element_type=\"container\" data-e-type=\"container\">\n\t\t\t\t<div class=\"elementor-element elementor-element-e78534d elementor-widget-mobile__width-inherit elementor-widget elementor-widget-image\" data-id=\"e78534d\" data-element_type=\"widget\" data-e-type=\"widget\" data-widget_type=\"image.default\">\n\t\t\t\t<div class=\"elementor-widget-container\">\n\t\t\t\t\t\t\t\t\t\t\t\t\t\t\t<img decoding=\"async\" width=\"315\" height=\"133\" data-src=\"https:\/\/xpressindustrial.com\/wp-content\/uploads\/2025\/10\/TiendaXpress11.jpeg\" class=\"attachment-large size-large wp-image-15448 lazyload\" alt=\"\" data-srcset=\"https:\/\/xpressindustrial.com\/wp-content\/uploads\/2025\/10\/TiendaXpress11.jpeg 315w, https:\/\/xpressindustrial.com\/wp-content\/uploads\/2025\/10\/TiendaXpress11-300x127.jpeg 300w, https:\/\/xpressindustrial.com\/wp-content\/uploads\/2025\/10\/TiendaXpress11-18x8.jpeg 18w, https:\/\/xpressindustrial.com\/wp-content\/uploads\/2025\/10\/TiendaXpress11-64x27.jpeg 64w\" data-sizes=\"(max-width: 315px) 100vw, 315px\" src=\"data:image\/svg+xml;base64,PHN2ZyB3aWR0aD0iMSIgaGVpZ2h0PSIxIiB4bWxucz0iaHR0cDovL3d3dy53My5vcmcvMjAwMC9zdmciPjwvc3ZnPg==\" style=\"--smush-placeholder-width: 315px; --smush-placeholder-aspect-ratio: 315\/133;\" \/>\t\t\t\t\t\t\t\t\t\t\t\t\t\t\t<\/div>\n\t\t\t\t<\/div>\n\t\t\t\t<\/div>\n\t\t\t\t<\/div>\n\t\t\t\t\t<\/div>\n\t\t\t\t<\/div>\n\t\t<div class=\"elementor-element elementor-element-3385905 e-flex e-con-boxed e-con e-parent\" data-id=\"3385905\" data-element_type=\"container\" data-e-type=\"container\">\n\t\t\t\t\t<div class=\"e-con-inner\">\n\t\t<div class=\"elementor-element elementor-element-9d9659f e-con-full e-flex e-con e-child\" data-id=\"9d9659f\" data-element_type=\"container\" data-e-type=\"container\">\n\t\t\t\t<div class=\"elementor-element elementor-element-cced932 elementor-widget elementor-widget-heading\" data-id=\"cced932\" data-element_type=\"widget\" data-e-type=\"widget\" data-widget_type=\"heading.default\">\n\t\t\t\t<div class=\"elementor-widget-container\">\n\t\t\t\t\t<h3 class=\"elementor-heading-title elementor-size-default\">Inventory automation<\/h3>\t\t\t\t<\/div>\n\t\t\t\t<\/div>\n\t\t\t\t<div class=\"elementor-element elementor-element-0fc40af elementor-widget elementor-widget-heading\" data-id=\"0fc40af\" data-element_type=\"widget\" data-e-type=\"widget\" data-widget_type=\"heading.default\">\n\t\t\t\t<div class=\"elementor-widget-container\">\n\t\t\t\t\t<h3 class=\"elementor-heading-title elementor-size-default\">Reduces the human error margin<\/h3>\t\t\t\t<\/div>\n\t\t\t\t<\/div>\n\t\t\t\t<div class=\"elementor-element elementor-element-829390a elementor-widget-mobile__width-inherit elementor-widget elementor-widget-image\" data-id=\"829390a\" data-element_type=\"widget\" data-e-type=\"widget\" data-widget_type=\"image.default\">\n\t\t\t\t<div class=\"elementor-widget-container\">\n\t\t\t\t\t\t\t\t\t\t\t\t\t\t\t<img decoding=\"async\" width=\"315\" height=\"133\" data-src=\"https:\/\/xpressindustrial.com\/wp-content\/uploads\/2025\/10\/WhatsApp-Image-2025-10-03-at-11.56.02-AM.jpeg\" class=\"attachment-large size-large wp-image-15517 lazyload\" alt=\"\" data-srcset=\"https:\/\/xpressindustrial.com\/wp-content\/uploads\/2025\/10\/WhatsApp-Image-2025-10-03-at-11.56.02-AM.jpeg 315w, https:\/\/xpressindustrial.com\/wp-content\/uploads\/2025\/10\/WhatsApp-Image-2025-10-03-at-11.56.02-AM-300x127.jpeg 300w, https:\/\/xpressindustrial.com\/wp-content\/uploads\/2025\/10\/WhatsApp-Image-2025-10-03-at-11.56.02-AM-18x8.jpeg 18w, https:\/\/xpressindustrial.com\/wp-content\/uploads\/2025\/10\/WhatsApp-Image-2025-10-03-at-11.56.02-AM-64x27.jpeg 64w\" data-sizes=\"(max-width: 315px) 100vw, 315px\" src=\"data:image\/svg+xml;base64,PHN2ZyB3aWR0aD0iMSIgaGVpZ2h0PSIxIiB4bWxucz0iaHR0cDovL3d3dy53My5vcmcvMjAwMC9zdmciPjwvc3ZnPg==\" style=\"--smush-placeholder-width: 315px; --smush-placeholder-aspect-ratio: 315\/133;\" \/>\t\t\t\t\t\t\t\t\t\t\t\t\t\t\t<\/div>\n\t\t\t\t<\/div>\n\t\t\t\t<\/div>\n\t\t<div class=\"elementor-element elementor-element-96086bf e-con-full e-flex e-con e-child\" data-id=\"96086bf\" data-element_type=\"container\" data-e-type=\"container\">\n\t\t\t\t<div class=\"elementor-element elementor-element-4510f66 elementor-widget elementor-widget-heading\" data-id=\"4510f66\" data-element_type=\"widget\" data-e-type=\"widget\" data-widget_type=\"heading.default\">\n\t\t\t\t<div class=\"elementor-widget-container\">\n\t\t\t\t\t<h3 class=\"elementor-heading-title elementor-size-default\">Space configuration<\/h3>\t\t\t\t<\/div>\n\t\t\t\t<\/div>\n\t\t\t\t<div class=\"elementor-element elementor-element-2fcccc0 elementor-widget elementor-widget-heading\" data-id=\"2fcccc0\" data-element_type=\"widget\" data-e-type=\"widget\" data-widget_type=\"heading.default\">\n\t\t\t\t<div class=\"elementor-widget-container\">\n\t\t\t\t\t<h3 class=\"elementor-heading-title elementor-size-default\">According to the product size \/ warehouse<\/h3>\t\t\t\t<\/div>\n\t\t\t\t<\/div>\n\t\t\t\t<div class=\"elementor-element elementor-element-6f15c72 elementor-widget-mobile__width-inherit elementor-widget elementor-widget-image\" data-id=\"6f15c72\" data-element_type=\"widget\" data-e-type=\"widget\" data-widget_type=\"image.default\">\n\t\t\t\t<div class=\"elementor-widget-container\">\n\t\t\t\t\t\t\t\t\t\t\t\t\t\t\t<img decoding=\"async\" width=\"315\" height=\"133\" data-src=\"https:\/\/xpressindustrial.com\/wp-content\/uploads\/2025\/10\/WhatsApp-Image-2025-10-03-at-11.56.02-AM-1.jpeg\" class=\"attachment-large size-large wp-image-15519 lazyload\" alt=\"\" data-srcset=\"https:\/\/xpressindustrial.com\/wp-content\/uploads\/2025\/10\/WhatsApp-Image-2025-10-03-at-11.56.02-AM-1.jpeg 315w, https:\/\/xpressindustrial.com\/wp-content\/uploads\/2025\/10\/WhatsApp-Image-2025-10-03-at-11.56.02-AM-1-300x127.jpeg 300w, https:\/\/xpressindustrial.com\/wp-content\/uploads\/2025\/10\/WhatsApp-Image-2025-10-03-at-11.56.02-AM-1-18x8.jpeg 18w, https:\/\/xpressindustrial.com\/wp-content\/uploads\/2025\/10\/WhatsApp-Image-2025-10-03-at-11.56.02-AM-1-64x27.jpeg 64w\" data-sizes=\"(max-width: 315px) 100vw, 315px\" src=\"data:image\/svg+xml;base64,PHN2ZyB3aWR0aD0iMSIgaGVpZ2h0PSIxIiB4bWxucz0iaHR0cDovL3d3dy53My5vcmcvMjAwMC9zdmciPjwvc3ZnPg==\" style=\"--smush-placeholder-width: 315px; --smush-placeholder-aspect-ratio: 315\/133;\" \/>\t\t\t\t\t\t\t\t\t\t\t\t\t\t\t<\/div>\n\t\t\t\t<\/div>\n\t\t\t\t<\/div>\n\t\t\t\t\t<\/div>\n\t\t\t\t<\/div>\n\t\t\t\t<\/div>","protected":false},"excerpt":{"rendered":"<p>Equipos Automatizados Ofrecemos la distribuci\u00f3n controlada de productos en almacenes por medio de m\u00e1quinas dispensadoras y puertas automatizadas de materiales a la que se accesa por contrase\u00f1a, credencial de empleado o huella digital las cuales ofrecen m\u00faltiples controles y reportes de inventarios. Nuestras m\u00e1quinas dispensadoras son de primera generaci\u00f3n. Beneficios Control total de acceso a [&hellip;]<\/p>\n","protected":false},"author":4,"featured_media":0,"parent":0,"menu_order":0,"comment_status":"closed","ping_status":"closed","template":"","meta":{"footnotes":""},"folder":[],"class_list":["post-8958","page","type-page","status-publish","hentry"],"yoast_head":"<!-- This site is optimized with the Yoast SEO plugin v27.3 - https:\/\/yoast.com\/product\/yoast-seo-wordpress\/ -->\n<title>Equipos Automatizados - Xpress Industrial<\/title>\n<meta name=\"robots\" content=\"index, follow, max-snippet:-1, max-image-preview:large, max-video-preview:-1\" \/>\n<link rel=\"canonical\" href=\"https:\/\/xpressindustrial.com\/en\/equipos-automatizados\/\" \/>\n<meta property=\"og:locale\" content=\"en_US\" \/>\n<meta property=\"og:type\" content=\"article\" \/>\n<meta property=\"og:title\" content=\"Equipos Automatizados - Xpress Industrial\" \/>\n<meta property=\"og:description\" content=\"Equipos Automatizados Ofrecemos la distribuci\u00f3n controlada de productos en almacenes por medio de m\u00e1quinas dispensadoras y puertas automatizadas de materiales a la que se accesa por contrase\u00f1a, credencial de empleado o huella digital las cuales ofrecen m\u00faltiples controles y reportes de inventarios. Nuestras m\u00e1quinas dispensadoras son de primera generaci\u00f3n. Beneficios Control total de acceso a [&hellip;]\" \/>\n<meta property=\"og:url\" content=\"https:\/\/xpressindustrial.com\/en\/equipos-automatizados\/\" \/>\n<meta property=\"og:site_name\" content=\"Xpress Industrial\" \/>\n<meta property=\"article:modified_time\" content=\"2025-10-03T20:24:18+00:00\" \/>\n<meta property=\"og:image\" content=\"https:\/\/xpressindustrial.com\/wp-content\/uploads\/2025\/10\/TiendaXpress4.jpeg\" \/>\n\t<meta property=\"og:image:width\" content=\"1338\" \/>\n\t<meta property=\"og:image:height\" content=\"376\" \/>\n\t<meta property=\"og:image:type\" content=\"image\/jpeg\" \/>\n<meta name=\"twitter:card\" content=\"summary_large_image\" \/>\n<meta name=\"twitter:label1\" content=\"Est. reading time\" \/>\n\t<meta name=\"twitter:data1\" content=\"2 minutes\" \/>\n<script type=\"application\/ld+json\" class=\"yoast-schema-graph\">{\"@context\":\"https:\\\/\\\/schema.org\",\"@graph\":[{\"@type\":\"WebPage\",\"@id\":\"https:\\\/\\\/xpressindustrial.com\\\/equipos-automatizados\\\/\",\"url\":\"https:\\\/\\\/xpressindustrial.com\\\/equipos-automatizados\\\/\",\"name\":\"Equipos Automatizados - Xpress Industrial\",\"isPartOf\":{\"@id\":\"https:\\\/\\\/xpressindustrial.com\\\/#website\"},\"primaryImageOfPage\":{\"@id\":\"https:\\\/\\\/xpressindustrial.com\\\/equipos-automatizados\\\/#primaryimage\"},\"image\":{\"@id\":\"https:\\\/\\\/xpressindustrial.com\\\/equipos-automatizados\\\/#primaryimage\"},\"thumbnailUrl\":\"https:\\\/\\\/xpressindustrial.com\\\/wp-content\\\/uploads\\\/2025\\\/10\\\/TiendaXpress4-1024x288.jpeg\",\"datePublished\":\"2025-06-17T14:34:17+00:00\",\"dateModified\":\"2025-10-03T20:24:18+00:00\",\"breadcrumb\":{\"@id\":\"https:\\\/\\\/xpressindustrial.com\\\/equipos-automatizados\\\/#breadcrumb\"},\"inLanguage\":\"en-US\",\"potentialAction\":[{\"@type\":\"ReadAction\",\"target\":[\"https:\\\/\\\/xpressindustrial.com\\\/equipos-automatizados\\\/\"]}]},{\"@type\":\"ImageObject\",\"inLanguage\":\"en-US\",\"@id\":\"https:\\\/\\\/xpressindustrial.com\\\/equipos-automatizados\\\/#primaryimage\",\"url\":\"https:\\\/\\\/xpressindustrial.com\\\/wp-content\\\/uploads\\\/2025\\\/10\\\/TiendaXpress4-1024x288.jpeg\",\"contentUrl\":\"https:\\\/\\\/xpressindustrial.com\\\/wp-content\\\/uploads\\\/2025\\\/10\\\/TiendaXpress4-1024x288.jpeg\"},{\"@type\":\"BreadcrumbList\",\"@id\":\"https:\\\/\\\/xpressindustrial.com\\\/equipos-automatizados\\\/#breadcrumb\",\"itemListElement\":[{\"@type\":\"ListItem\",\"position\":1,\"name\":\"Home\",\"item\":\"https:\\\/\\\/xpressindustrial.com\\\/\"},{\"@type\":\"ListItem\",\"position\":2,\"name\":\"Equipos Automatizados\"}]},{\"@type\":\"WebSite\",\"@id\":\"https:\\\/\\\/xpressindustrial.com\\\/#website\",\"url\":\"https:\\\/\\\/xpressindustrial.com\\\/\",\"name\":\"Xpress Industrial\",\"description\":\"Sitio de Xpress Industrial\",\"potentialAction\":[{\"@type\":\"SearchAction\",\"target\":{\"@type\":\"EntryPoint\",\"urlTemplate\":\"https:\\\/\\\/xpressindustrial.com\\\/?s={search_term_string}\"},\"query-input\":{\"@type\":\"PropertyValueSpecification\",\"valueRequired\":true,\"valueName\":\"search_term_string\"}}],\"inLanguage\":\"en-US\"}]}<\/script>\n<!-- \/ Yoast SEO plugin. -->","yoast_head_json":{"title":"Equipos Automatizados - Xpress Industrial","robots":{"index":"index","follow":"follow","max-snippet":"max-snippet:-1","max-image-preview":"max-image-preview:large","max-video-preview":"max-video-preview:-1"},"canonical":"https:\/\/xpressindustrial.com\/en\/equipos-automatizados\/","og_locale":"en_US","og_type":"article","og_title":"Equipos Automatizados - Xpress Industrial","og_description":"Equipos Automatizados Ofrecemos la distribuci\u00f3n controlada de productos en almacenes por medio de m\u00e1quinas dispensadoras y puertas automatizadas de materiales a la que se accesa por contrase\u00f1a, credencial de empleado o huella digital las cuales ofrecen m\u00faltiples controles y reportes de inventarios. Nuestras m\u00e1quinas dispensadoras son de primera generaci\u00f3n. Beneficios Control total de acceso a [&hellip;]","og_url":"https:\/\/xpressindustrial.com\/en\/equipos-automatizados\/","og_site_name":"Xpress Industrial","article_modified_time":"2025-10-03T20:24:18+00:00","og_image":[{"width":1338,"height":376,"url":"https:\/\/xpressindustrial.com\/wp-content\/uploads\/2025\/10\/TiendaXpress4.jpeg","type":"image\/jpeg"}],"twitter_card":"summary_large_image","twitter_misc":{"Est. reading time":"2 minutes"},"schema":{"@context":"https:\/\/schema.org","@graph":[{"@type":"WebPage","@id":"https:\/\/xpressindustrial.com\/equipos-automatizados\/","url":"https:\/\/xpressindustrial.com\/equipos-automatizados\/","name":"Equipos Automatizados - Xpress Industrial","isPartOf":{"@id":"https:\/\/xpressindustrial.com\/#website"},"primaryImageOfPage":{"@id":"https:\/\/xpressindustrial.com\/equipos-automatizados\/#primaryimage"},"image":{"@id":"https:\/\/xpressindustrial.com\/equipos-automatizados\/#primaryimage"},"thumbnailUrl":"https:\/\/xpressindustrial.com\/wp-content\/uploads\/2025\/10\/TiendaXpress4-1024x288.jpeg","datePublished":"2025-06-17T14:34:17+00:00","dateModified":"2025-10-03T20:24:18+00:00","breadcrumb":{"@id":"https:\/\/xpressindustrial.com\/equipos-automatizados\/#breadcrumb"},"inLanguage":"en-US","potentialAction":[{"@type":"ReadAction","target":["https:\/\/xpressindustrial.com\/equipos-automatizados\/"]}]},{"@type":"ImageObject","inLanguage":"en-US","@id":"https:\/\/xpressindustrial.com\/equipos-automatizados\/#primaryimage","url":"https:\/\/xpressindustrial.com\/wp-content\/uploads\/2025\/10\/TiendaXpress4-1024x288.jpeg","contentUrl":"https:\/\/xpressindustrial.com\/wp-content\/uploads\/2025\/10\/TiendaXpress4-1024x288.jpeg"},{"@type":"BreadcrumbList","@id":"https:\/\/xpressindustrial.com\/equipos-automatizados\/#breadcrumb","itemListElement":[{"@type":"ListItem","position":1,"name":"Home","item":"https:\/\/xpressindustrial.com\/"},{"@type":"ListItem","position":2,"name":"Equipos Automatizados"}]},{"@type":"WebSite","@id":"https:\/\/xpressindustrial.com\/#website","url":"https:\/\/xpressindustrial.com\/","name":"Xpress Industrial","description":"Sitio de Xpress Industrial","potentialAction":[{"@type":"SearchAction","target":{"@type":"EntryPoint","urlTemplate":"https:\/\/xpressindustrial.com\/?s={search_term_string}"},"query-input":{"@type":"PropertyValueSpecification","valueRequired":true,"valueName":"search_term_string"}}],"inLanguage":"en-US"}]}},"_links":{"self":[{"href":"https:\/\/xpressindustrial.com\/en\/wp-json\/wp\/v2\/pages\/8958","targetHints":{"allow":["GET"]}}],"collection":[{"href":"https:\/\/xpressindustrial.com\/en\/wp-json\/wp\/v2\/pages"}],"about":[{"href":"https:\/\/xpressindustrial.com\/en\/wp-json\/wp\/v2\/types\/page"}],"author":[{"embeddable":true,"href":"https:\/\/xpressindustrial.com\/en\/wp-json\/wp\/v2\/users\/4"}],"replies":[{"embeddable":true,"href":"https:\/\/xpressindustrial.com\/en\/wp-json\/wp\/v2\/comments?post=8958"}],"version-history":[{"count":40,"href":"https:\/\/xpressindustrial.com\/en\/wp-json\/wp\/v2\/pages\/8958\/revisions"}],"predecessor-version":[{"id":15522,"href":"https:\/\/xpressindustrial.com\/en\/wp-json\/wp\/v2\/pages\/8958\/revisions\/15522"}],"wp:attachment":[{"href":"https:\/\/xpressindustrial.com\/en\/wp-json\/wp\/v2\/media?parent=8958"}],"wp:term":[{"taxonomy":"folder","embeddable":true,"href":"https:\/\/xpressindustrial.com\/en\/wp-json\/wp\/v2\/folder?post=8958"}],"curies":[{"name":"wp","href":"https:\/\/api.w.org\/{rel}","templated":true}]}}