{"id":13986,"date":"2025-09-16T06:31:49","date_gmt":"2025-09-16T06:31:49","guid":{"rendered":"https:\/\/xpressindustrial.com\/product\/her-k007319as\/"},"modified":"2025-11-22T01:27:39","modified_gmt":"2025-11-22T01:27:39","slug":"her-k007319as","status":"publish","type":"product","link":"https:\/\/xpressindustrial.com\/en\/product\/her-k007319as\/","title":{"rendered":"HER-K007319AS"},"content":{"rendered":"<p>#10-32 UNF, 3 ESTR\u00cdAS, 52 H\u00c9LICE, CHAFL\u00c1N DE FONDO, ACABADO BRILLANTE, ACERO R\u00c1PIDO ESTRIADO EN ESPIRAL GRIFO STI 2-1\/2 OAL<\/p>","protected":false},"excerpt":{"rendered":"<p>#10-32 UNF, 3 ESTR\u00cdAS, 52 H\u00c9LICE, CHAFL\u00c1N DE FONDO<\/p>","protected":false},"featured_media":13984,"comment_status":"open","ping_status":"closed","template":"","meta":[],"product_brand":[],"product_cat":[1669],"product_tag":[],"class_list":{"0":"post-13986","1":"product","2":"type-product","3":"status-publish","4":"has-post-thumbnail","6":"product_cat-brocas-para-taladro-y-atornillador","8":"first","9":"instock","10":"sold-individually","11":"product-type-simple"},"yoast_head":"<!-- This site is optimized with the Yoast SEO plugin v27.3 - https:\/\/yoast.com\/product\/yoast-seo-wordpress\/ -->\n<title>HER-K007319AS - Xpress Industrial<\/title>\n<meta name=\"robots\" content=\"index, follow, max-snippet:-1, max-image-preview:large, max-video-preview:-1\" \/>\n<link rel=\"canonical\" href=\"https:\/\/xpressindustrial.com\/en\/product\/her-k007319as\/\" \/>\n<meta property=\"og:locale\" content=\"en_US\" \/>\n<meta property=\"og:type\" content=\"article\" \/>\n<meta property=\"og:title\" content=\"HER-K007319AS - Xpress Industrial\" \/>\n<meta property=\"og:description\" content=\"#10-32 UNF, 3 ESTR\u00cdAS, 52 H\u00c9LICE, CHAFL\u00c1N DE FONDO\" \/>\n<meta property=\"og:url\" content=\"https:\/\/xpressindustrial.com\/en\/product\/her-k007319as\/\" \/>\n<meta property=\"og:site_name\" content=\"Xpress Industrial\" \/>\n<meta property=\"article:modified_time\" content=\"2025-11-22T01:27:39+00:00\" \/>\n<meta name=\"twitter:card\" content=\"summary_large_image\" \/>\n<script type=\"application\/ld+json\" class=\"yoast-schema-graph\">{\"@context\":\"https:\\\/\\\/schema.org\",\"@graph\":[{\"@type\":\"WebPage\",\"@id\":\"https:\\\/\\\/xpressindustrial.com\\\/product\\\/her-k007319as\\\/\",\"url\":\"https:\\\/\\\/xpressindustrial.com\\\/product\\\/her-k007319as\\\/\",\"name\":\"HER-K007319AS - Xpress Industrial\",\"isPartOf\":{\"@id\":\"https:\\\/\\\/xpressindustrial.com\\\/#website\"},\"primaryImageOfPage\":{\"@id\":\"https:\\\/\\\/xpressindustrial.com\\\/product\\\/her-k007319as\\\/#primaryimage\"},\"image\":{\"@id\":\"https:\\\/\\\/xpressindustrial.com\\\/product\\\/her-k007319as\\\/#primaryimage\"},\"thumbnailUrl\":\"https:\\\/\\\/xpressindustrial.com\\\/wp-content\\\/uploads\\\/2025\\\/09\\\/6877f98624104.png\",\"datePublished\":\"2025-09-16T06:31:49+00:00\",\"dateModified\":\"2025-11-22T01:27:39+00:00\",\"breadcrumb\":{\"@id\":\"https:\\\/\\\/xpressindustrial.com\\\/product\\\/her-k007319as\\\/#breadcrumb\"},\"inLanguage\":\"en-US\",\"potentialAction\":[{\"@type\":\"ReadAction\",\"target\":[\"https:\\\/\\\/xpressindustrial.com\\\/product\\\/her-k007319as\\\/\"]}]},{\"@type\":\"ImageObject\",\"inLanguage\":\"en-US\",\"@id\":\"https:\\\/\\\/xpressindustrial.com\\\/product\\\/her-k007319as\\\/#primaryimage\",\"url\":\"https:\\\/\\\/xpressindustrial.com\\\/wp-content\\\/uploads\\\/2025\\\/09\\\/6877f98624104.png\",\"contentUrl\":\"https:\\\/\\\/xpressindustrial.com\\\/wp-content\\\/uploads\\\/2025\\\/09\\\/6877f98624104.png\",\"width\":800,\"height\":800},{\"@type\":\"BreadcrumbList\",\"@id\":\"https:\\\/\\\/xpressindustrial.com\\\/product\\\/her-k007319as\\\/#breadcrumb\",\"itemListElement\":[{\"@type\":\"ListItem\",\"position\":1,\"name\":\"Home\",\"item\":\"https:\\\/\\\/xpressindustrial.com\\\/\"},{\"@type\":\"ListItem\",\"position\":2,\"name\":\"Products\",\"item\":\"https:\\\/\\\/xpressindustrial.com\\\/?post_type=product\"},{\"@type\":\"ListItem\",\"position\":3,\"name\":\"HER-K007319AS\"}]},{\"@type\":\"WebSite\",\"@id\":\"https:\\\/\\\/xpressindustrial.com\\\/#website\",\"url\":\"https:\\\/\\\/xpressindustrial.com\\\/\",\"name\":\"Xpress Industrial\",\"description\":\"Sitio de Xpress Industrial\",\"potentialAction\":[{\"@type\":\"SearchAction\",\"target\":{\"@type\":\"EntryPoint\",\"urlTemplate\":\"https:\\\/\\\/xpressindustrial.com\\\/?s={search_term_string}\"},\"query-input\":{\"@type\":\"PropertyValueSpecification\",\"valueRequired\":true,\"valueName\":\"search_term_string\"}}],\"inLanguage\":\"en-US\"}]}<\/script>\n<!-- \/ Yoast SEO plugin. -->","yoast_head_json":{"title":"HER-K007319AS - Xpress Industrial","robots":{"index":"index","follow":"follow","max-snippet":"max-snippet:-1","max-image-preview":"max-image-preview:large","max-video-preview":"max-video-preview:-1"},"canonical":"https:\/\/xpressindustrial.com\/en\/product\/her-k007319as\/","og_locale":"en_US","og_type":"article","og_title":"HER-K007319AS - Xpress Industrial","og_description":"#10-32 UNF, 3 ESTR\u00cdAS, 52 H\u00c9LICE, CHAFL\u00c1N DE FONDO","og_url":"https:\/\/xpressindustrial.com\/en\/product\/her-k007319as\/","og_site_name":"Xpress Industrial","article_modified_time":"2025-11-22T01:27:39+00:00","twitter_card":"summary_large_image","schema":{"@context":"https:\/\/schema.org","@graph":[{"@type":"WebPage","@id":"https:\/\/xpressindustrial.com\/product\/her-k007319as\/","url":"https:\/\/xpressindustrial.com\/product\/her-k007319as\/","name":"HER-K007319AS - Xpress Industrial","isPartOf":{"@id":"https:\/\/xpressindustrial.com\/#website"},"primaryImageOfPage":{"@id":"https:\/\/xpressindustrial.com\/product\/her-k007319as\/#primaryimage"},"image":{"@id":"https:\/\/xpressindustrial.com\/product\/her-k007319as\/#primaryimage"},"thumbnailUrl":"https:\/\/xpressindustrial.com\/wp-content\/uploads\/2025\/09\/6877f98624104.png","datePublished":"2025-09-16T06:31:49+00:00","dateModified":"2025-11-22T01:27:39+00:00","breadcrumb":{"@id":"https:\/\/xpressindustrial.com\/product\/her-k007319as\/#breadcrumb"},"inLanguage":"en-US","potentialAction":[{"@type":"ReadAction","target":["https:\/\/xpressindustrial.com\/product\/her-k007319as\/"]}]},{"@type":"ImageObject","inLanguage":"en-US","@id":"https:\/\/xpressindustrial.com\/product\/her-k007319as\/#primaryimage","url":"https:\/\/xpressindustrial.com\/wp-content\/uploads\/2025\/09\/6877f98624104.png","contentUrl":"https:\/\/xpressindustrial.com\/wp-content\/uploads\/2025\/09\/6877f98624104.png","width":800,"height":800},{"@type":"BreadcrumbList","@id":"https:\/\/xpressindustrial.com\/product\/her-k007319as\/#breadcrumb","itemListElement":[{"@type":"ListItem","position":1,"name":"Home","item":"https:\/\/xpressindustrial.com\/"},{"@type":"ListItem","position":2,"name":"Products","item":"https:\/\/xpressindustrial.com\/?post_type=product"},{"@type":"ListItem","position":3,"name":"HER-K007319AS"}]},{"@type":"WebSite","@id":"https:\/\/xpressindustrial.com\/#website","url":"https:\/\/xpressindustrial.com\/","name":"Xpress Industrial","description":"Sitio de Xpress Industrial","potentialAction":[{"@type":"SearchAction","target":{"@type":"EntryPoint","urlTemplate":"https:\/\/xpressindustrial.com\/?s={search_term_string}"},"query-input":{"@type":"PropertyValueSpecification","valueRequired":true,"valueName":"search_term_string"}}],"inLanguage":"en-US"}]}},"_links":{"self":[{"href":"https:\/\/xpressindustrial.com\/en\/wp-json\/wp\/v2\/product\/13986","targetHints":{"allow":["GET"]}}],"collection":[{"href":"https:\/\/xpressindustrial.com\/en\/wp-json\/wp\/v2\/product"}],"about":[{"href":"https:\/\/xpressindustrial.com\/en\/wp-json\/wp\/v2\/types\/product"}],"replies":[{"embeddable":true,"href":"https:\/\/xpressindustrial.com\/en\/wp-json\/wp\/v2\/comments?post=13986"}],"wp:featuredmedia":[{"embeddable":true,"href":"https:\/\/xpressindustrial.com\/en\/wp-json\/wp\/v2\/media\/13984"}],"wp:attachment":[{"href":"https:\/\/xpressindustrial.com\/en\/wp-json\/wp\/v2\/media?parent=13986"}],"wp:term":[{"taxonomy":"product_brand","embeddable":true,"href":"https:\/\/xpressindustrial.com\/en\/wp-json\/wp\/v2\/product_brand?post=13986"},{"taxonomy":"product_cat","embeddable":true,"href":"https:\/\/xpressindustrial.com\/en\/wp-json\/wp\/v2\/product_cat?post=13986"},{"taxonomy":"product_tag","embeddable":true,"href":"https:\/\/xpressindustrial.com\/en\/wp-json\/wp\/v2\/product_tag?post=13986"}],"curies":[{"name":"wp","href":"https:\/\/api.w.org\/{rel}","templated":true}]}}